{"id":893,"date":"2018-11-13T14:51:10","date_gmt":"2018-11-13T11:51:10","guid":{"rendered":"http:\/\/www.vappujohansson.net\/wordpress\/?page_id=893"},"modified":"2026-03-01T16:13:49","modified_gmt":"2026-03-01T14:13:49","slug":"news","status":"publish","type":"page","link":"https:\/\/vappujohansson.net\/wordpress\/news\/","title":{"rendered":"News"},"content":{"rendered":"<p>\t<strong>Exhibitions<\/strong><\/p>\n<ul>\n<li><a href=\"https:\/\/www.helsingintaiteilijaseura.fi\/nayttelytoiminta\/galleria-katariina\/\"><strong>Galleria Katariina<\/strong><\/a>, Helsinki (12.12.2025-11.01.2026)<\/li>\n<\/ul>\n<ul>\n<li><a href=\"https:\/\/www.taidegraafikot.fi\/nayttelyt\/summer-prints\/\"><strong>Galleria G: SUMMER PRINTS<\/strong><\/a>, Helsinki (24.06.2025-26.07.2025)<\/li>\n<p><\/p>\n<li><a href=\"https:\/\/www.taidetehdas.fi\/porvoon-taidehalli\/\"><strong>Porvoon Taidehalli, Vappu Johansson: GUT FEELING<\/strong><\/a> (23.05.-29.06.2025)<br \/>\n\tL\u00e4ntinen Aleksanterinkatu 1, 06100 Porvoo<br \/>\n\ttel. +358 10 231 8200, info(a)taidetehdas.fi<\/li>\n<p><\/p>\n<li><strong>Pekka Halosen akatemian opettajien n\u00e4yttely &#8220;Yhteens\u00e4&#8221;<\/strong>, Kaapelitehdas Puristamo, Helsinki (02.12.-16.12.2024)<\/li>\n<p><\/p>\n<li><a href=\"https:\/\/forumbox.fi\/exhibition\/12334\/\"><strong>Galleria Forum Box, Vappu Johansson: YMP\u00c4RIPY\u00d6RE\u00c4\u00c4 &#8211; <\/strong><\/a><a href=\"https:\/\/forumbox.fi\/exhibition\/12350\/\"><strong>AROUND ROUND<\/strong><\/a>, Helsinki (20.5.-16.6.2024)<\/li>\n<p><\/p>\n<li><a href=\"https:\/\/www.taidegraafikot.fi\/kuukauden-taiteilijat\/16893\/\"><strong> Grafoteekin Kuukauden taiteilija Vappu Johansson &#8220;Keep Rolling&#8221;<\/strong><\/a><br \/>\n\t<a href=\"https:\/\/www.taidegraafikot.fi\/\">GRAFOTEEKKI<\/a> &#8211; Helsinki (28.2-24.3.2024)<\/li>\n<p><\/p>\n<li><a href=\"https:\/\/paperipaja.com\/\"><strong>pulp &#8211; Helsingin j\u00e4sentaiteilij\u00f6iden n\u00e4yttely<\/strong><\/a>, <a href=\"https:\/\/www.kaapelitehdas.fi\/fi\/puristamo\/\">Puristamo, Helsingin kaapelitehdas<\/a>,  (25.11-10.12.2023)<\/li>\n<p><\/p>\n<li><a href=\"https:\/\/dici.ca\/evenements\/biennale-internationale-d-estampe-contemporaine-de-trois-rivieres?gclid=CjwKCAjw3POhBhBQEiwAqTCuBpWOb5YsynM4TbDXkqPiA8Sd2KSX01a_dbEUG_xWr4ZCiPKVFE5SfhoCzvwQAvD_BwE\"><strong>BIECTR<\/strong><\/a> &#8211; 13e Edition de la Biennale internationale d&#8217;estampe contemporaine de Trois-Rivi\u00e8res, Canada (17.6-10.9.2023)<\/li>\n<p><\/p>\n<li><a href=\"https:\/\/www.artgoeskapakka.fi\/\"><strong>Art goes Kapakka 2022<\/strong><\/a>, Ravintola The Glass, K\u00e4mp Galleria, Helsinki<\/li>\n<p><\/p>\n<li><a href=\"https:\/\/www.galeriepageblanche.com\"><strong>Galerie Page Blanche<\/strong><\/a>, 8 rue Teul\u00e8re, Bordeaux (Mois de mai 2022)<\/li>\n<p><\/p>\n<li><a href=\"http:\/\/turun-taidegraafikot.fi\/en\/galleria-joella\"><strong>Galleria Joella<\/strong><\/a>, Turku 2.12.2021-2.1.2022<br \/>\n    Yhdess\u00e4 Metta Savolaisen kanssa.<\/li>\n<p><\/p>\n<li><a href=\"https:\/\/xn--teosvlitys-u5a.fi\/kauppa\/?category=13&#038;stock=all&#038;minprice=&#038;maxprice=&#038;artist=\"><strong>TEOS 2021<\/strong><\/a> (Helsinki 24.9 \u2013 3.10)<\/li>\n<p><\/p>\n<li><a href=\"https:\/\/www.galleriahuuto.fi\"><strong>Galleria Huuto<\/strong><\/a>, Helsinki 20.8.-12.9.2021<br \/>\n\t<strong>Save Our Bubbles<\/strong><br \/>\n\t<a href=\"https:\/\/www.galleriahuuto.fi\/vappu-johansson\/\"><span style=\"color: #3366ff;\">N\u00e4yttely suomeksi<\/span><\/a><br \/>\n\t<a href=\"https:\/\/www.galleriahuuto.fi\/vappu-johansson\/?lang=en\"><span style=\"color: #3366ff;\">Exhibition in English<\/span><\/a><br \/>\n    <a href=\"https:\/\/www.galleriahuuto.fi\/vappu-johansson\/?lang=sv\"><span style=\"color: #3366ff;\">Utst\u00e4llning p\u00e5 svenska<\/span><\/a><\/li>\n<p><\/p>\n<li><a href=\"https:\/\/www.espoonkuvataiteilijat.fi\/en\/nayttelyt\/juha-holopainen-teija-immonen-vappu-johansson-taina-kokkonen-metta-savolainen\/\"><strong>Galleria Aarni<\/strong><\/a>, Espoo 4.3. \u2013 29.3. 2020 <br \/>\n\t\u201dViisi huonetta\u201d \u2013 Juha Holopainen, Teija Immonen, Vappu Johansson, Taina Kokkonen ja Metta Savolainen. <br \/>\n\tN\u00e4yttelyn taiteilijat ty\u00f6skentelev\u00e4t samalla Arabian taidegraafikoiden yhteisty\u00f6huoneella. <br \/>\n\t<strong>L\u00e4nsiv\u00e4yl\u00e4n juttu: <\/strong><a href=\"https:\/\/www.lansivayla.fi\/artikkeli\/846330-galleria-aarnissa-on-nyt-viisi-huonetta-nayttely-viisi-kollegaa-ja-viisi-erilaista\"><span style=\"color: #3366ff;\">Galleria Aarnissa on nyt Viisi huonetta -n\u00e4yttely \u2013 viisi kollegaa ja viisi erilaista tyyli\u00e4<\/span><\/a><\/li>\n<p><\/p>\n<li><a href=\"https:\/\/www.jyvaskyla.fi\/en\/ratamo-english\"><strong>Galleria Ratamo<\/strong><\/a>, Jyv\u00e4skyl\u00e4 6.2.-1.3.2020 \u201cMatemaattisia olioita\u201d <br \/>\n\tYhdess\u00e4 Metta Savolaisen kanssa. N\u00e4yttely Galleria Ratamossa on nelj\u00e4s yhteisn\u00e4yttelymme. Molempia kiinnostaa tieteen ja taiteen yhtym\u00e4kohdat. T\u00e4ss\u00e4 n\u00e4yttelyss\u00e4 pohdiskellaan matemaattisten ja orgaanisten olentojen ominaisuuksia.<\/li>\n<p><\/p>\n<li><a href=\"http:\/\/grafiskasallskapet.se\/utstallningar\/triennaler\/nordisk-grafiktriennal-2020\/\"><strong>Nordic Contemporary XVI Print Triennial<\/strong><\/a> <br \/>\n\tGalleri Sander, Norrk\u00f6ping 25 January \u2013 14 March 2020 <br \/>\n\tTrelleborgs Museum 4 April \u2013 23 May 2020 <br \/>\n\tLule\u00e5 Art Gallery 29 August \u2013 1 November 2020<\/li>\n<p><\/p>\n<li><a href=\"http:\/\/www.taidelainaamo.fi\/public\/go.php\"><strong>Galleria Arthur<\/strong><\/a>, Helsingin taidelainaamo, tammikuu<\/li>\n<p><\/p>\n<li><a href=\"https:\/\/www.taidegraafikot.fi\/grafoteekki\/kuukauden-taiteilija-nayttelyt\/\"><strong>Grafoteekin kuukauden taiteilija<\/strong><\/a> (1.10.-27.10.2019)<\/li>\n<p><\/p>\n<li><a href=\"https:\/\/www.kaapelitehdas.fi\/tapahtumat\/2019\/teos-2019\"><strong>TEOS 2019<\/strong><\/a><\/li>\n<p><\/p>\n<li><a href=\"http:\/\/www.vappujohansson.net\/wordpress\/arabian-kirjasto\/\"><strong>Arabian kirjasto<\/strong><\/a> (1.11.-30.11.2018)<\/li>\n<p><\/p>\n<li><a href=\"http:\/\/www.vappujohansson.net\/wordpress\/2018-saskia\/\"><strong>Galleria Saskia<\/strong><\/a> (12.10.-31.10.2018)<\/li>\n<p><\/p>\n<li><strong>Nokkonen<\/strong> (Raisa J\u00e4ntti): <a href=\"https:\/\/nokkonen.wordpress.com\/2018\/10\/\" target=\"_blank\" rel=\"noopener noreferrer\"><span style=\"color: #3366ff;\">Maailman ihme (N\u00e4yttely: Johansson &amp; Savolainen)<\/span><\/a><\/li>\n<p><\/p>\n<li><a href=\"http:\/\/www.vappujohansson.net\/wordpress\/2018-duetto\/\"><strong>Galleria Duetto<\/strong><\/a> (26.9.-21.10.2018)<\/li>\n<p><\/p>\n<li><strong>Hyvinpukeutunut kriitikko<\/strong> (Seppo Heisk\u00e4nen):<a href=\"https:\/\/hyvinpukeutunutkriitikko.wordpress.com\/2018\/10\/05\/taiteessakin-valine-voi-olla-viesti\/\" target=\"_blank\" rel=\"noopener noreferrer\"><span style=\"color: #3366ff;\">Taiteessakin v\u00e4line voi olla viesti<\/span><\/a><\/li>\n<p>\n<\/ul>\n<div class=\"wp-block-spacer\" style=\"height: 100px;\" aria-hidden=\"true\">\u00a0<\/div>\n<div class=\"pvc_clear\"><\/div>\n<p id=\"pvc_stats_893\" class=\"pvc_stats all  \" data-element-id=\"893\" style=\"\"><i class=\"pvc-stats-icon medium\" aria-hidden=\"true\"><svg aria-hidden=\"true\" focusable=\"false\" data-prefix=\"far\" data-icon=\"chart-bar\" role=\"img\" xmlns=\"http:\/\/www.w3.org\/2000\/svg\" viewBox=\"0 0 512 512\" class=\"svg-inline--fa fa-chart-bar fa-w-16 fa-2x\"><path fill=\"currentColor\" d=\"M396.8 352h22.4c6.4 0 12.8-6.4 12.8-12.8V108.8c0-6.4-6.4-12.8-12.8-12.8h-22.4c-6.4 0-12.8 6.4-12.8 12.8v230.4c0 6.4 6.4 12.8 12.8 12.8zm-192 0h22.4c6.4 0 12.8-6.4 12.8-12.8V140.8c0-6.4-6.4-12.8-12.8-12.8h-22.4c-6.4 0-12.8 6.4-12.8 12.8v198.4c0 6.4 6.4 12.8 12.8 12.8zm96 0h22.4c6.4 0 12.8-6.4 12.8-12.8V204.8c0-6.4-6.4-12.8-12.8-12.8h-22.4c-6.4 0-12.8 6.4-12.8 12.8v134.4c0 6.4 6.4 12.8 12.8 12.8zM496 400H48V80c0-8.84-7.16-16-16-16H16C7.16 64 0 71.16 0 80v336c0 17.67 14.33 32 32 32h464c8.84 0 16-7.16 16-16v-16c0-8.84-7.16-16-16-16zm-387.2-48h22.4c6.4 0 12.8-6.4 12.8-12.8v-70.4c0-6.4-6.4-12.8-12.8-12.8h-22.4c-6.4 0-12.8 6.4-12.8 12.8v70.4c0 6.4 6.4 12.8 12.8 12.8z\" class=\"\"><\/path><\/svg><\/i> <img decoding=\"async\" width=\"16\" height=\"16\" alt=\"Loading\" src=\"https:\/\/vappujohansson.net\/wordpress\/wp-content\/plugins\/page-views-count\/ajax-loader-2x.gif\" border=0 \/><\/p>\n<div class=\"pvc_clear\"><\/div>\n","protected":false},"excerpt":{"rendered":"<p>Exhibitions Galleria Katariina, Helsinki (12.12.2025-11.01.2026) Galleria G: SUMMER PRINTS, Helsinki (24.06.2025-26.07.2025) Porvoon Taidehalli, Vappu Johansson: GUT FEELING (23.05.-29.06.2025) L\u00e4ntinen Aleksanterinkatu 1, 06100 Porvoo tel. +358&#8230;<\/p>\n<div class=\"more-link-wrapper\"><a class=\"more-link\" href=\"https:\/\/vappujohansson.net\/wordpress\/news\/\">Continue reading<span class=\"screen-reader-text\">News<\/span><\/a><\/div>\n<div class=\"pvc_clear\"><\/div>\n<p id=\"pvc_stats_893\" class=\"pvc_stats all  \" data-element-id=\"893\" style=\"\"><i class=\"pvc-stats-icon medium\" aria-hidden=\"true\"><svg aria-hidden=\"true\" focusable=\"false\" data-prefix=\"far\" data-icon=\"chart-bar\" role=\"img\" xmlns=\"http:\/\/www.w3.org\/2000\/svg\" viewBox=\"0 0 512 512\" class=\"svg-inline--fa fa-chart-bar fa-w-16 fa-2x\"><path fill=\"currentColor\" d=\"M396.8 352h22.4c6.4 0 12.8-6.4 12.8-12.8V108.8c0-6.4-6.4-12.8-12.8-12.8h-22.4c-6.4 0-12.8 6.4-12.8 12.8v230.4c0 6.4 6.4 12.8 12.8 12.8zm-192 0h22.4c6.4 0 12.8-6.4 12.8-12.8V140.8c0-6.4-6.4-12.8-12.8-12.8h-22.4c-6.4 0-12.8 6.4-12.8 12.8v198.4c0 6.4 6.4 12.8 12.8 12.8zm96 0h22.4c6.4 0 12.8-6.4 12.8-12.8V204.8c0-6.4-6.4-12.8-12.8-12.8h-22.4c-6.4 0-12.8 6.4-12.8 12.8v134.4c0 6.4 6.4 12.8 12.8 12.8zM496 400H48V80c0-8.84-7.16-16-16-16H16C7.16 64 0 71.16 0 80v336c0 17.67 14.33 32 32 32h464c8.84 0 16-7.16 16-16v-16c0-8.84-7.16-16-16-16zm-387.2-48h22.4c6.4 0 12.8-6.4 12.8-12.8v-70.4c0-6.4-6.4-12.8-12.8-12.8h-22.4c-6.4 0-12.8 6.4-12.8 12.8v70.4c0 6.4 6.4 12.8 12.8 12.8z\" class=\"\"><\/path><\/svg><\/i> <img decoding=\"async\" width=\"16\" height=\"16\" alt=\"Loading\" src=\"https:\/\/vappujohansson.net\/wordpress\/wp-content\/plugins\/page-views-count\/ajax-loader-2x.gif\" border=0 \/><\/p>\n<div class=\"pvc_clear\"><\/div>\n","protected":false},"author":1,"featured_media":0,"parent":0,"menu_order":0,"comment_status":"closed","ping_status":"closed","template":"","meta":{"footnotes":""},"class_list":["post-893","page","type-page","status-publish","hentry","entry"],"_links":{"self":[{"href":"https:\/\/vappujohansson.net\/wordpress\/wp-json\/wp\/v2\/pages\/893","targetHints":{"allow":["GET"]}}],"collection":[{"href":"https:\/\/vappujohansson.net\/wordpress\/wp-json\/wp\/v2\/pages"}],"about":[{"href":"https:\/\/vappujohansson.net\/wordpress\/wp-json\/wp\/v2\/types\/page"}],"author":[{"embeddable":true,"href":"https:\/\/vappujohansson.net\/wordpress\/wp-json\/wp\/v2\/users\/1"}],"replies":[{"embeddable":true,"href":"https:\/\/vappujohansson.net\/wordpress\/wp-json\/wp\/v2\/comments?post=893"}],"version-history":[{"count":88,"href":"https:\/\/vappujohansson.net\/wordpress\/wp-json\/wp\/v2\/pages\/893\/revisions"}],"predecessor-version":[{"id":1908,"href":"https:\/\/vappujohansson.net\/wordpress\/wp-json\/wp\/v2\/pages\/893\/revisions\/1908"}],"wp:attachment":[{"href":"https:\/\/vappujohansson.net\/wordpress\/wp-json\/wp\/v2\/media?parent=893"}],"curies":[{"name":"wp","href":"https:\/\/api.w.org\/{rel}","templated":true}]}}