{"id":871,"date":"2018-11-06T12:27:53","date_gmt":"2018-11-06T09:27:53","guid":{"rendered":"http:\/\/www.vappujohansson.net\/wordpress\/?page_id=871"},"modified":"2018-11-06T12:45:58","modified_gmt":"2018-11-06T09:45:58","slug":"arabian-kirjasto","status":"publish","type":"page","link":"https:\/\/vappujohansson.net\/wordpress\/arabian-kirjasto\/","title":{"rendered":"Arabian kirjasto"},"content":{"rendered":"<h1><a href=\"http:\/\/www.vappujohansson.net\/wordpress\/wp-content\/uploads\/2018\/11\/Kylm\u00e4_kes\u00e4_arabian_kirjasto.jpg\"><img fetchpriority=\"high\" decoding=\"async\" class=\"alignnone size-full wp-image-872\" src=\"http:\/\/www.vappujohansson.net\/wordpress\/wp-content\/uploads\/2018\/11\/Kylm\u00e4_kes\u00e4_arabian_kirjasto.jpg\" alt=\"\" width=\"712\" height=\"400\" srcset=\"https:\/\/vappujohansson.net\/wordpress\/wp-content\/uploads\/2018\/11\/Kylm\u00e4_kes\u00e4_arabian_kirjasto.jpg 712w, https:\/\/vappujohansson.net\/wordpress\/wp-content\/uploads\/2018\/11\/Kylm\u00e4_kes\u00e4_arabian_kirjasto-300x169.jpg 300w\" sizes=\"(max-width: 712px) 100vw, 712px\" \/><\/a><\/h1>\n<h1>Vappu Johansson &#8211; Kylm\u00e4 kes\u00e4<\/h1>\n<p><span style=\"font-size: medium; color: #000000;\">Vappu Johanssonin\u00a0grafiikan vedoksia vuodelta 2018. <\/span><\/p>\n<p><span style=\"font-size: medium; color: #000000;\">Ne ovat kuitenkin saaneet alkunsa jo kes\u00e4ll\u00e4 2017, joka oli erityisen kylm\u00e4 ja kolea. Hieman kuten t\u00e4m\u00e4 l\u00e4mmin marraskuu.<\/span><\/p>\n<p><span style=\"font-size: medium; color: #000000;\">N\u00e4yttelyn j\u00e4rjest\u00e4v\u00e4t yhteisty\u00f6ss\u00e4 Arabianrannan kirjasto ja Arabianrannan taiteilijat.<\/span><\/p>\n<p class=\"event-location\"><span style=\"color: #000000;\"><label id=\"Content_Main_Content_lblPlaceHeader\" for=\"Content_Main_Content_lblPlace\">Tapahtumapaikka:\u00a0<\/label><span style=\"color: #0000ff;\"><a style=\"color: #0000ff;\" href=\"http:\/\/www.helmet.fi\/fi-FI\/Kirjastot_ja_palvelut\/Arabianrannan_kirjasto\" target=\"_blank\" rel=\"noopener\">Arabianrannan kirjasto<\/a><\/span><\/span><\/p>\n<p class=\"event-date\"><span style=\"color: #000000;\"><label id=\"Content_Main_Content_lblTimeHeader\" for=\"Content_Main_Content_lblTime\">Tapahtuma-aika:\u00a0<\/label>3.11.2018 klo 9:00 &#8211; 30.11.2018 klo 16:00<\/span><\/p>\n<div class=\"pvc_clear\"><\/div>\n<p id=\"pvc_stats_871\" class=\"pvc_stats all  \" data-element-id=\"871\" style=\"\"><i class=\"pvc-stats-icon medium\" aria-hidden=\"true\"><svg aria-hidden=\"true\" focusable=\"false\" data-prefix=\"far\" data-icon=\"chart-bar\" role=\"img\" xmlns=\"http:\/\/www.w3.org\/2000\/svg\" viewBox=\"0 0 512 512\" class=\"svg-inline--fa fa-chart-bar fa-w-16 fa-2x\"><path fill=\"currentColor\" d=\"M396.8 352h22.4c6.4 0 12.8-6.4 12.8-12.8V108.8c0-6.4-6.4-12.8-12.8-12.8h-22.4c-6.4 0-12.8 6.4-12.8 12.8v230.4c0 6.4 6.4 12.8 12.8 12.8zm-192 0h22.4c6.4 0 12.8-6.4 12.8-12.8V140.8c0-6.4-6.4-12.8-12.8-12.8h-22.4c-6.4 0-12.8 6.4-12.8 12.8v198.4c0 6.4 6.4 12.8 12.8 12.8zm96 0h22.4c6.4 0 12.8-6.4 12.8-12.8V204.8c0-6.4-6.4-12.8-12.8-12.8h-22.4c-6.4 0-12.8 6.4-12.8 12.8v134.4c0 6.4 6.4 12.8 12.8 12.8zM496 400H48V80c0-8.84-7.16-16-16-16H16C7.16 64 0 71.16 0 80v336c0 17.67 14.33 32 32 32h464c8.84 0 16-7.16 16-16v-16c0-8.84-7.16-16-16-16zm-387.2-48h22.4c6.4 0 12.8-6.4 12.8-12.8v-70.4c0-6.4-6.4-12.8-12.8-12.8h-22.4c-6.4 0-12.8 6.4-12.8 12.8v70.4c0 6.4 6.4 12.8 12.8 12.8z\" class=\"\"><\/path><\/svg><\/i> <img decoding=\"async\" width=\"16\" height=\"16\" alt=\"Loading\" src=\"https:\/\/vappujohansson.net\/wordpress\/wp-content\/plugins\/page-views-count\/ajax-loader-2x.gif\" border=0 \/><\/p>\n<div class=\"pvc_clear\"><\/div>\n","protected":false},"excerpt":{"rendered":"<p>Vappu Johansson &#8211; Kylm\u00e4 kes\u00e4 Vappu Johanssonin\u00a0grafiikan vedoksia vuodelta 2018. Ne ovat kuitenkin saaneet alkunsa jo kes\u00e4ll\u00e4 2017, joka oli erityisen kylm\u00e4 ja kolea. Hieman&#8230;<\/p>\n<div class=\"more-link-wrapper\"><a class=\"more-link\" href=\"https:\/\/vappujohansson.net\/wordpress\/arabian-kirjasto\/\">Continue reading<span class=\"screen-reader-text\">Arabian kirjasto<\/span><\/a><\/div>\n<div class=\"pvc_clear\"><\/div>\n<p id=\"pvc_stats_871\" class=\"pvc_stats all  \" data-element-id=\"871\" style=\"\"><i class=\"pvc-stats-icon medium\" aria-hidden=\"true\"><svg aria-hidden=\"true\" focusable=\"false\" data-prefix=\"far\" data-icon=\"chart-bar\" role=\"img\" xmlns=\"http:\/\/www.w3.org\/2000\/svg\" viewBox=\"0 0 512 512\" class=\"svg-inline--fa fa-chart-bar fa-w-16 fa-2x\"><path fill=\"currentColor\" d=\"M396.8 352h22.4c6.4 0 12.8-6.4 12.8-12.8V108.8c0-6.4-6.4-12.8-12.8-12.8h-22.4c-6.4 0-12.8 6.4-12.8 12.8v230.4c0 6.4 6.4 12.8 12.8 12.8zm-192 0h22.4c6.4 0 12.8-6.4 12.8-12.8V140.8c0-6.4-6.4-12.8-12.8-12.8h-22.4c-6.4 0-12.8 6.4-12.8 12.8v198.4c0 6.4 6.4 12.8 12.8 12.8zm96 0h22.4c6.4 0 12.8-6.4 12.8-12.8V204.8c0-6.4-6.4-12.8-12.8-12.8h-22.4c-6.4 0-12.8 6.4-12.8 12.8v134.4c0 6.4 6.4 12.8 12.8 12.8zM496 400H48V80c0-8.84-7.16-16-16-16H16C7.16 64 0 71.16 0 80v336c0 17.67 14.33 32 32 32h464c8.84 0 16-7.16 16-16v-16c0-8.84-7.16-16-16-16zm-387.2-48h22.4c6.4 0 12.8-6.4 12.8-12.8v-70.4c0-6.4-6.4-12.8-12.8-12.8h-22.4c-6.4 0-12.8 6.4-12.8 12.8v70.4c0 6.4 6.4 12.8 12.8 12.8z\" class=\"\"><\/path><\/svg><\/i> <img decoding=\"async\" width=\"16\" height=\"16\" alt=\"Loading\" src=\"https:\/\/vappujohansson.net\/wordpress\/wp-content\/plugins\/page-views-count\/ajax-loader-2x.gif\" border=0 \/><\/p>\n<div class=\"pvc_clear\"><\/div>\n","protected":false},"author":1,"featured_media":0,"parent":0,"menu_order":0,"comment_status":"closed","ping_status":"closed","template":"","meta":{"footnotes":""},"class_list":["post-871","page","type-page","status-publish","hentry","entry"],"_links":{"self":[{"href":"https:\/\/vappujohansson.net\/wordpress\/wp-json\/wp\/v2\/pages\/871","targetHints":{"allow":["GET"]}}],"collection":[{"href":"https:\/\/vappujohansson.net\/wordpress\/wp-json\/wp\/v2\/pages"}],"about":[{"href":"https:\/\/vappujohansson.net\/wordpress\/wp-json\/wp\/v2\/types\/page"}],"author":[{"embeddable":true,"href":"https:\/\/vappujohansson.net\/wordpress\/wp-json\/wp\/v2\/users\/1"}],"replies":[{"embeddable":true,"href":"https:\/\/vappujohansson.net\/wordpress\/wp-json\/wp\/v2\/comments?post=871"}],"version-history":[{"count":5,"href":"https:\/\/vappujohansson.net\/wordpress\/wp-json\/wp\/v2\/pages\/871\/revisions"}],"predecessor-version":[{"id":879,"href":"https:\/\/vappujohansson.net\/wordpress\/wp-json\/wp\/v2\/pages\/871\/revisions\/879"}],"wp:attachment":[{"href":"https:\/\/vappujohansson.net\/wordpress\/wp-json\/wp\/v2\/media?parent=871"}],"curies":[{"name":"wp","href":"https:\/\/api.w.org\/{rel}","templated":true}]}}