{"id":72,"date":"2018-08-29T23:04:08","date_gmt":"2018-08-29T20:04:08","guid":{"rendered":"http:\/\/www.vappujohansson.net\/wordpress\/?page_id=72"},"modified":"2023-12-20T16:46:40","modified_gmt":"2023-12-20T14:46:40","slug":"cv","status":"publish","type":"page","link":"https:\/\/vappujohansson.net\/wordpress\/cv\/","title":{"rendered":"CV"},"content":{"rendered":"\r\n<strong>VAPPU MAARIKA JOHANSSON<br>\r\nSyntynyt \/ Born 1.5.1964<br>Puhelin \/ Phone +358 50 359 02 50<br>\r\nEmail <span style=\"color: #3366ff;\"><a style=\"color: #3366ff;\" href=\"mailto:vappumaarika@gmail.com\">vappumaarika@gmail.com<\/a><\/span><br>\r\nWeb <span style=\"color: #3366ff;\"><a style=\"color: #3366ff;\" href=\"http:\/\/vappujohansson.net\">vappujohansson.net<\/a><\/span><br>\r\nKuvataiteilija, taidegraafikko<br>Suomen Taidegraafikot<br>Helsingin taiteilijaseura<br>Arabian taidegraafikot<\/strong>\r\n<p>\r\n<strong>TAIDEKOULUTUS \/ ART STUDIES<br>Vapaa taidekoulu 1980-82<br>Taideteollinen Korkeakoulu, Taiteen maisteri 1990<br>Nordisk Grafik Unionin j\u00e4rjest\u00e4m\u00e4 non-toxic intaglio workshop, F\u00e4rsaaret 1998<br>Taideakatemian koulun t\u00e4ydennyskoulutus puupiirros 2007<br>Litografian kurssi Helsingin kivipaino 2008<br>International non-toxic workshop Capileira, Espanja 2008<br>Osallistuminen Grafiikan IMPACT seminaareihin (Helsinki 2001, Berlin-Poznan 2005, Tallinna 2007, Bristol 2009, Dundee 2013)<\/strong>\r\n<\/p>\r\n<p>\r\n<strong>YKSITYISN\u00c4YTTELYT \/ PRIVATE EXHIBITIONS<br>\r\n2021 Galleria Huuto, Helsinki<br>2020 Galleria Ratamo, Jyv\u00e4skyl\u00e4<br>Galleria Arthur, Helsingin taidelainaamo<br>2019 Grafroteekin kuukauden taiteilija (lokakuu)<br>2018 Arabian Kirjasto, Helsinki<br>2018 Galleria Saskia, yhdess\u00e4 Metta Savolaisen kanssa, Tampere<br>2018 Galleria Duetto, Helsinki<br>2018 Galleria Rikhard, Helsinki<br>2017 Galleria Katariinan studio, Helsinki<br>2016 Galleria Vanha Kappalaisentalo, yhdess\u00e4 Metta Savolaisen kanssa, Porvoo<br>2015 Galleria G, Helsinki<br>2014 Galleria Ville, Nurmij\u00e4rvi<br>2014 Atelier 109, Bordeaux<br>2012 Galleria Duetto, Helsinki<br>2012 Galerie chez Marie Sargos-Tesserenc, Bordeaux<br>2012 Galleria Rikhard, HTS Taidelainaamo<br>2010 Ama gallery.net. Kuukauden taiteilija<br>2010 Grafoteekki, Helsinki, Kuukauden taiteilija<br>2009 Galleria Joella, Turku<br>2008 Galleria Rikhard, HTS Taidelainaamo<br>2007 Galleria G, Helsinki<br>2006 Kulmagalleria, Helsinki<br>2003 Galleria G, Helsinki<br>2002 Malaspina Print Studio Gallery, Vancouver Kanada<br>2002 Galleria Marian Portti, Lahti<br>1999 Galleria G, Helsinki<br>1997 Galleria Artina, Helsinki<br>1997 Galleria Illusia, Tampere<br>1997 Pihagalleria, Lahti<br>1995 Galleria G, Helsinki<br>1994 Pihagalleria, Lahti, Galleria Art Leonardo, Tampere<br>1993 Galleria G, Helsinki, Galleria Harmonia, Jyv\u00e4skyl\u00e4<\/strong>\r\n<\/p>\r\n<p>\r\n<strong>RYHM\u00c4N\u00c4YTTELYT \/ GROUP EXHIBITIONS<br>\r\n2023 pulp &#8211; Helsingin j\u00e4sentaiteilij\u00f6iden n\u00e4yttely Kaapelintehtaalla, Helsinki <br>\r\n2020 Galleria Aarni, Espoo (Johansson, Savolainen, Immonen, Kokkoken, Holopainen)<br>\r\n2017 Galleria Kajaste, Oulu (Johansson, Kokkonen, Pihlajamaa)<br>2016 Arabian Taidegraafikot, Espoon kulttuurikeskuksen galleria, Espoo<br>2015 Maila Talvio-salonki, Hartola<br>2015 FAIL\/ A Stage For Abandoned Art kuraattori Martins Rozenfelds,Helsinki<br>2015 Galleria Malmitalo, yhdess\u00e4 Metta Savolaisen kanssa, Helsinki<br>2014 ArtHelsinki Messut \/ Helsingin Taiteilijaseura, Taidelainaamo<br>2013 Arabian taidegraafikot-15V Galleria Rantakasarmi, Helsinki<br>2012 \u201d7. Aalto\u201d, Wihurin S\u00e4\u00e4ti\u00f6n 70 -vuotisjuhlan\u00e4yttely. Taidehalli, Helsinki, L\u00f6nnstr\u00f6min taidemuseo Rauma.<br>2011 Galleria Rantakasarmi, Helsinki<br>2009, 2010, 2011 \u201dUusi lehti \u201d Galleria G , Helsinki<br>2007 \u201dKvartetti\u201d Helsingin Taiteilijaseura 40 vuotta, Helsinki<br>2006 Vanha Kappalaisentalo, yhdess\u00e4 Taina Kokkosen kanssa,Porvoo<br>2005 Taidekeskus M\u00e4ltinranta, yhdess\u00e4 Teija Immosen kanssa, Tampere<br>2005 Arabian taidegraafikot, Varkauden Taidemuseo<br>2005 \u201dKalman kukka\u201d Taidegrafiikka 110 vuotta juhlavuosin\u00e4yttely, Lahden Taidepanimo<br>2003 \u201dPainov\u00e4ri\u00e4 ja pigmentti\u00e4\u201d Kajaanin taidemuseo<br>2002 Galleria Harmonia, Jyv\u00e4skyl\u00e4<br>2002 Vappu Johansson, Taina Kokkonen, Galleria 5,<br>2002 \u201dMini 35x35x35\u201dn\u00e4yttely, Galleria Katariina, Helsinki<br>2002 Brinkkalan galleria, Turku<br>2002 Suomen taiteilijain 107. n\u00e4yttely, Helsingin Taidehalli<br>2000 T.p.l\u2019a &#8211; 15 graafikkoa Keravalla, Keravan taidemuseo<br>1998 Arabian Taidegraafikot, Galleria Uusitalo, Helsinki<br>1997 Grafiris-ryhm\u00e4, Matinpalon museo<br>1996 Aurora-kulttuuriklubi, Helsinki<br>1996 Galleria Joella, Turku<br>1995 \u201cMy\u00f6t\u00e4tuuleen\u201d-n\u00e4yttely, Hanko<br>1994 Suomen Taiteilijain 99. vuosin\u00e4yttely, Helsinki<br>1993 \u201cJo muinaiset taidegraafikot&#8230;\u201d STG:n 75-v juhlan\u00e4yttely, Alvar Aalto-museo Jyv\u00e4skyl\u00e4<br>1993 \u201cVuoden Asemataiteilija\u201d (5 parasta) Galleria WWF, Helsinki<br>1993 Suomen Taiteilijain 98. Vuosin\u00e4yttely, Karkkila<br>1993 \u201cAlkupotku\u201d Grafiikan kilpailu nuorille, Galleria Mino, Lohja (1.palkinto)<br>1990 Nuorten Pohjoismainen Grafiikan Triennale, Vaasa<br>1989 Suomen Taiteilijain 94.vuosin\u00e4yttely, Helsingin Taidehalli<br>1989 Kellarigalleria (lopputy\u00f6n\u00e4yttely), Helsinki<\/strong>\r\n<\/p>\r\n<p>\r\n<strong>KANSAINV\u00c4LISET N\u00c4YTTELYT \/ INTERNATIONAL EXHIBITIONS<br>\r\n2023 BIECTR \u2013 13e Edition de la Biennale internationale d\u2019estampe contemporaine de Trois-Rivi\u00e8res, Canada<br>\r\n2018 \u201dVatn\u201d, Nordic Salon.Thorshavn, F\u00e4rsaaret<br>2015 \u201dAtelier KASBA\u201d,20-vuotisn\u00e4yttely, Belgia<br>2014 \u201dNutida Nordisk Grafik-The Queen Sonja Print Award, Prince Eugens Waldemarsudde, Tukholma<br>2014 \u201cPrisverdige\u201d Queen Sonja Print Award ehdokkaiden n\u00e4yttely, Norske Grafikere, Oslo<br>2014 Miniprint Finland<br>2013 The 11th Baltic States Biennale of Graphic Art, Kaliningrad-K\u00f6ningsberg<br>2013 Exposition de gravures au ch\u00e2teau de Fongravey, Blanquefort, France<br>2013 \u201cEstampadura\u201d, European Contemporary Print Triennial, Toulouse, Ranska<br>2006The 5th Egyptian International Print Triennial, Kairo, Aleksandria, Egypti<br>2004 Wrexham International Print Exhibition, Yale college ,Wrexham, UK<br>2004 Miniprint Triennale, Lahden Taidemuseo<br>2002 2nd Biennial International Miniatyre Print Exhibition (kunniamaininta), Vancouver B.C., Kanada 2003 4th Egyptian International Print Triennale, Kairo, Alexandria, Egypti<br>2000 Nasjonalgalleriet, Oslo<br>2001 MiniPrint Triennaali, Lahden Taidemuseo<br>2000 Malaspina Print Studio Gallery, Vancouver, Kanada<br>1999 The Masters of Graphic, Gy\u00f6r, Unkari<br>1998 Grafinnova, Kansainv\u00e4linen nuorten taidegrafiikan triennaali Pohjanmaan museo, Vaasa<br>1997 Suomen Etel\u00e4-Afrikan suurl\u00e4hetyst\u00f6, Johannesburg<br>1997 Varna International Graphic Biennale, Bulgaria<br>1995 3. Biennial of Graphic Art in Nyk\u00f6ping on Falster, Tanska<br>1994 Stockholm Art Fair, Sollentuna (Galleria G), Tukholma<br>1993 Nordisk Grafik Union Uttst\u00e4llning, Oslo<br>1992 Ateenan Suomen Instituutti<\/strong>\r\n<\/p>\r\n<p>\r\n<strong>KOKOELMAT \/ COLLECTIONS<br>\r\nValtion taidekokoelma<br>Eduskunta<br>Amos Andersonin taidemuseo<br>Helsingin kaupungin taidemuseo<br>Imatran taidemuseo<br>Kemin kaupunki<br>Vantaan kaupunki<br>Majvik- kokoelma<br>Wihurin rahasto, Rovaniemen taidemuseo<br>Ulkoministeri\u00f6<br>Sonera<br>Nasjonalgalleriet, Oslo, Norja<\/strong>\r\n<\/p>\r\n<p>\r\n<strong>OPETUSTY\u00d6 \/ ART TEACHING<br>\r\nKeski-Uudenmaan koulutuskuntayhtym\u00e4 (KEUDA)Pekka Halosen Akatemia tuntiopettajan sijaisuus vv. 2017-2018<br>Aalto-yliopisto tuntiopettajan sijaisuus 2017<br>Kuvataideakatemia, taidegrafiikan lehtori vt 2013,<br>Keski-Uudenmaan koulutuskuntayhtym\u00e4 (KEUDA) Pekka Halosen akatemia 2003 -2012, Imatran taideoppilaitos (Saimia Amk)<br>Lahden taideinstituutti, taidegrafiikan vastaava lehtori 2000-2001<br>Kauniaisten kuvataidekoulu 1990 \u2013 99<br>Erilaisia taidegrafiikan kursseja harrastajille ja ammattilaisille mm. Helsingin ja Espoon Suomenkielinen Ty\u00f6v\u00e4en opisto\r\n<\/strong>\r\n<\/p>\r\n\r\n\r\n\r\n<div style=\"height:100px\" aria-hidden=\"true\" class=\"wp-block-spacer\"><\/div>\r\n<div class=\"pvc_clear\"><\/div><p id=\"pvc_stats_72\" class=\"pvc_stats all  \" data-element-id=\"72\" style=\"\"><i class=\"pvc-stats-icon medium\" aria-hidden=\"true\"><svg aria-hidden=\"true\" focusable=\"false\" data-prefix=\"far\" data-icon=\"chart-bar\" role=\"img\" xmlns=\"http:\/\/www.w3.org\/2000\/svg\" viewBox=\"0 0 512 512\" class=\"svg-inline--fa fa-chart-bar fa-w-16 fa-2x\"><path fill=\"currentColor\" d=\"M396.8 352h22.4c6.4 0 12.8-6.4 12.8-12.8V108.8c0-6.4-6.4-12.8-12.8-12.8h-22.4c-6.4 0-12.8 6.4-12.8 12.8v230.4c0 6.4 6.4 12.8 12.8 12.8zm-192 0h22.4c6.4 0 12.8-6.4 12.8-12.8V140.8c0-6.4-6.4-12.8-12.8-12.8h-22.4c-6.4 0-12.8 6.4-12.8 12.8v198.4c0 6.4 6.4 12.8 12.8 12.8zm96 0h22.4c6.4 0 12.8-6.4 12.8-12.8V204.8c0-6.4-6.4-12.8-12.8-12.8h-22.4c-6.4 0-12.8 6.4-12.8 12.8v134.4c0 6.4 6.4 12.8 12.8 12.8zM496 400H48V80c0-8.84-7.16-16-16-16H16C7.16 64 0 71.16 0 80v336c0 17.67 14.33 32 32 32h464c8.84 0 16-7.16 16-16v-16c0-8.84-7.16-16-16-16zm-387.2-48h22.4c6.4 0 12.8-6.4 12.8-12.8v-70.4c0-6.4-6.4-12.8-12.8-12.8h-22.4c-6.4 0-12.8 6.4-12.8 12.8v70.4c0 6.4 6.4 12.8 12.8 12.8z\" class=\"\"><\/path><\/svg><\/i> <img decoding=\"async\" width=\"16\" height=\"16\" alt=\"Loading\" src=\"https:\/\/vappujohansson.net\/wordpress\/wp-content\/plugins\/page-views-count\/ajax-loader-2x.gif\" border=0 \/><\/p><div class=\"pvc_clear\"><\/div>","protected":false},"excerpt":{"rendered":"<p>VAPPU MAARIKA JOHANSSON Syntynyt \/ Born 1.5.1964Puhelin \/ Phone +358 50 359 02 50 Email vappumaarika@gmail.com Web vappujohansson.net Kuvataiteilija, taidegraafikkoSuomen TaidegraafikotHelsingin taiteilijaseuraArabian taidegraafikot TAIDEKOULUTUS \/&#8230;<\/p>\n<div class=\"more-link-wrapper\"><a class=\"more-link\" href=\"https:\/\/vappujohansson.net\/wordpress\/cv\/\">Continue reading<span class=\"screen-reader-text\">CV<\/span><\/a><\/div>\n<div class=\"pvc_clear\"><\/div>\n<p id=\"pvc_stats_72\" class=\"pvc_stats all  \" data-element-id=\"72\" style=\"\"><i class=\"pvc-stats-icon medium\" aria-hidden=\"true\"><svg aria-hidden=\"true\" focusable=\"false\" data-prefix=\"far\" data-icon=\"chart-bar\" role=\"img\" xmlns=\"http:\/\/www.w3.org\/2000\/svg\" viewBox=\"0 0 512 512\" class=\"svg-inline--fa fa-chart-bar fa-w-16 fa-2x\"><path fill=\"currentColor\" d=\"M396.8 352h22.4c6.4 0 12.8-6.4 12.8-12.8V108.8c0-6.4-6.4-12.8-12.8-12.8h-22.4c-6.4 0-12.8 6.4-12.8 12.8v230.4c0 6.4 6.4 12.8 12.8 12.8zm-192 0h22.4c6.4 0 12.8-6.4 12.8-12.8V140.8c0-6.4-6.4-12.8-12.8-12.8h-22.4c-6.4 0-12.8 6.4-12.8 12.8v198.4c0 6.4 6.4 12.8 12.8 12.8zm96 0h22.4c6.4 0 12.8-6.4 12.8-12.8V204.8c0-6.4-6.4-12.8-12.8-12.8h-22.4c-6.4 0-12.8 6.4-12.8 12.8v134.4c0 6.4 6.4 12.8 12.8 12.8zM496 400H48V80c0-8.84-7.16-16-16-16H16C7.16 64 0 71.16 0 80v336c0 17.67 14.33 32 32 32h464c8.84 0 16-7.16 16-16v-16c0-8.84-7.16-16-16-16zm-387.2-48h22.4c6.4 0 12.8-6.4 12.8-12.8v-70.4c0-6.4-6.4-12.8-12.8-12.8h-22.4c-6.4 0-12.8 6.4-12.8 12.8v70.4c0 6.4 6.4 12.8 12.8 12.8z\" class=\"\"><\/path><\/svg><\/i> <img decoding=\"async\" width=\"16\" height=\"16\" alt=\"Loading\" src=\"https:\/\/vappujohansson.net\/wordpress\/wp-content\/plugins\/page-views-count\/ajax-loader-2x.gif\" border=0 \/><\/p>\n<div class=\"pvc_clear\"><\/div>\n","protected":false},"author":1,"featured_media":0,"parent":0,"menu_order":0,"comment_status":"closed","ping_status":"closed","template":"","meta":{"footnotes":""},"class_list":["post-72","page","type-page","status-publish","hentry","entry"],"_links":{"self":[{"href":"https:\/\/vappujohansson.net\/wordpress\/wp-json\/wp\/v2\/pages\/72","targetHints":{"allow":["GET"]}}],"collection":[{"href":"https:\/\/vappujohansson.net\/wordpress\/wp-json\/wp\/v2\/pages"}],"about":[{"href":"https:\/\/vappujohansson.net\/wordpress\/wp-json\/wp\/v2\/types\/page"}],"author":[{"embeddable":true,"href":"https:\/\/vappujohansson.net\/wordpress\/wp-json\/wp\/v2\/users\/1"}],"replies":[{"embeddable":true,"href":"https:\/\/vappujohansson.net\/wordpress\/wp-json\/wp\/v2\/comments?post=72"}],"version-history":[{"count":25,"href":"https:\/\/vappujohansson.net\/wordpress\/wp-json\/wp\/v2\/pages\/72\/revisions"}],"predecessor-version":[{"id":1749,"href":"https:\/\/vappujohansson.net\/wordpress\/wp-json\/wp\/v2\/pages\/72\/revisions\/1749"}],"wp:attachment":[{"href":"https:\/\/vappujohansson.net\/wordpress\/wp-json\/wp\/v2\/media?parent=72"}],"curies":[{"name":"wp","href":"https:\/\/api.w.org\/{rel}","templated":true}]}}