{"id":296,"date":"2018-09-06T12:36:30","date_gmt":"2018-09-06T09:36:30","guid":{"rendered":"http:\/\/www.vappujohansson.net\/wordpress\/?page_id=296"},"modified":"2018-09-18T21:38:28","modified_gmt":"2018-09-18T18:38:28","slug":"2018-saskia","status":"publish","type":"page","link":"https:\/\/vappujohansson.net\/wordpress\/2018-saskia\/","title":{"rendered":"Saskia (12.10.-21.10.2018)"},"content":{"rendered":"\r\n<figure class=\"wp-block-image\"><img fetchpriority=\"high\" decoding=\"async\" width=\"2019\" height=\"2251\" class=\"wp-image-312\" src=\"http:\/\/www.vappujohansson.net\/wordpress\/wp-content\/uploads\/2018\/09\/nettikutsu_saskiat2018-1.jpg\" alt=\"\" srcset=\"https:\/\/vappujohansson.net\/wordpress\/wp-content\/uploads\/2018\/09\/nettikutsu_saskiat2018-1.jpg 2019w, https:\/\/vappujohansson.net\/wordpress\/wp-content\/uploads\/2018\/09\/nettikutsu_saskiat2018-1-269x300.jpg 269w, https:\/\/vappujohansson.net\/wordpress\/wp-content\/uploads\/2018\/09\/nettikutsu_saskiat2018-1-768x856.jpg 768w, https:\/\/vappujohansson.net\/wordpress\/wp-content\/uploads\/2018\/09\/nettikutsu_saskiat2018-1-918x1024.jpg 918w\" sizes=\"(max-width: 2019px) 100vw, 2019px\" \/><\/figure>\r\n\r\n\r\n\r\n<h6>N\u00e4yttelytiedote\r\nGalleria Saskia 12.-31.10.2018<\/h6>\r\n<h6><\/h6>\r\n<h6>Vappu Johansson &amp; Metta Savolainen\r\nGrafiikkaa ja akvarellimaalauksia<\/h6>\r\n<h6><!-- \/wp:post-content --><\/h6>\r\n<h6>Vappu Johansson ja Metta Savolainen ty\u00f6skentelev\u00e4t Helsingiss\u00e4 samalla Arabian Taidegraafikoiden ty\u00f6huoneella. Ajatus yhteisn\u00e4yttelyst\u00e4 syntyi koska molempia kiinnostaa taiteen ja tieteen yhtym\u00e4kohdat. Yhdist\u00e4v\u00e4n\u00e4 kuvallisena elementtin\u00e4 teoksissa toistuu ympyr\u00e4n muoto. T\u00e4m\u00e4 on kolmas yhteinen n\u00e4yttelymme &#8211; vaikka teema on pysynyt samana, jokainen n\u00e4yttelykokonaisuus on uusi.<\/h6>\r\n<h6><!-- \/wp:paragraph --><\/h6>\r\n<h6>Vappu Johanssonin teoksissa ympyr\u00e4 voi olla solu, kupla tai alkuel\u00e4in.\u00a0Kuvissa toistuvat my\u00f6s sis\u00e4kk\u00e4iset keh\u00e4t. Kerroksittain painettuina keh\u00e4t muodostavat uusia, v\u00e4r\u00e4htelevi\u00e4 ympyr\u00f6it\u00e4, joiden olemassaolosta ei voi olla varma. Kuvio tuo mieleen sormenj\u00e4ljen, laajenemisen tai \u00e4\u00e4niaaltojen etenemisen. Kuvalliset elementit muodostavat palapelin, aiheet toistuvat ja saavat eri merkityksi\u00e4. Vappu Johansson k\u00e4ytt\u00e4\u00e4 teoksissaan syv\u00e4painografiikan\u00a0eri menetelmi\u00e4.<\/h6>\r\n<h6><!-- \/wp:paragraph --><\/h6>\r\n<h6>Metta Savolaisen kuvien sis\u00e4ll\u00f6t pohjautuvat fysiikan ilmi\u00f6ihin. Teokset jakautuvat kahteen maailmaan, makrokosmokseen ja mikrokosmokseen. Makrokosmosta k\u00e4sitteleviss\u00e4 abstrakteissa maalauksissa Savolainen on tutkinut auringon- ja kuunpimennyksi\u00e4. Taivaankappaleiden keskin\u00e4iset suhteet rinnastuvat hienostuneisiin akvarellin s\u00e4vyasteikoihin. Maailmankaikkeudessa vallitsee matemaattinen rauha.<\/h6>\r\n<h6><!-- \/wp:paragraph --><\/h6>\r\n<h6>Mikrokosmokseen liittyv\u00e4t teokset ovat symbolistisia muotokuvia hiukkasfysiikan standardimallin mukaisista alkeishiukkasista kuten kvarkeista, bosoneista ja leptoneista.<\/h6>\r\n<h6><!-- wp:paragraph --><\/h6>\r\n<h6><span style=\"color: #3366ff;\"><a style=\"color: #3366ff;\" href=\"http:\/\/tampereensaskiat.com\/\" target=\"_blank\" rel=\"noopener\">Galleria Saskia (tampereensaskiat.com\/)<\/a><\/span><\/h6>\r\n<!-- \/wp:paragraph --><div class=\"pvc_clear\"><\/div><p id=\"pvc_stats_296\" class=\"pvc_stats all  \" data-element-id=\"296\" style=\"\"><i class=\"pvc-stats-icon medium\" aria-hidden=\"true\"><svg aria-hidden=\"true\" focusable=\"false\" data-prefix=\"far\" data-icon=\"chart-bar\" role=\"img\" xmlns=\"http:\/\/www.w3.org\/2000\/svg\" viewBox=\"0 0 512 512\" class=\"svg-inline--fa fa-chart-bar fa-w-16 fa-2x\"><path fill=\"currentColor\" d=\"M396.8 352h22.4c6.4 0 12.8-6.4 12.8-12.8V108.8c0-6.4-6.4-12.8-12.8-12.8h-22.4c-6.4 0-12.8 6.4-12.8 12.8v230.4c0 6.4 6.4 12.8 12.8 12.8zm-192 0h22.4c6.4 0 12.8-6.4 12.8-12.8V140.8c0-6.4-6.4-12.8-12.8-12.8h-22.4c-6.4 0-12.8 6.4-12.8 12.8v198.4c0 6.4 6.4 12.8 12.8 12.8zm96 0h22.4c6.4 0 12.8-6.4 12.8-12.8V204.8c0-6.4-6.4-12.8-12.8-12.8h-22.4c-6.4 0-12.8 6.4-12.8 12.8v134.4c0 6.4 6.4 12.8 12.8 12.8zM496 400H48V80c0-8.84-7.16-16-16-16H16C7.16 64 0 71.16 0 80v336c0 17.67 14.33 32 32 32h464c8.84 0 16-7.16 16-16v-16c0-8.84-7.16-16-16-16zm-387.2-48h22.4c6.4 0 12.8-6.4 12.8-12.8v-70.4c0-6.4-6.4-12.8-12.8-12.8h-22.4c-6.4 0-12.8 6.4-12.8 12.8v70.4c0 6.4 6.4 12.8 12.8 12.8z\" class=\"\"><\/path><\/svg><\/i> <img decoding=\"async\" width=\"16\" height=\"16\" alt=\"Loading\" src=\"https:\/\/vappujohansson.net\/wordpress\/wp-content\/plugins\/page-views-count\/ajax-loader-2x.gif\" border=0 \/><\/p><div class=\"pvc_clear\"><\/div>","protected":false},"excerpt":{"rendered":"<p>N\u00e4yttelytiedote Galleria Saskia 12.-31.10.2018 Vappu Johansson &amp; Metta Savolainen Grafiikkaa ja akvarellimaalauksia Vappu Johansson ja Metta Savolainen ty\u00f6skentelev\u00e4t Helsingiss\u00e4 samalla Arabian Taidegraafikoiden ty\u00f6huoneella. Ajatus yhteisn\u00e4yttelyst\u00e4&#8230;<\/p>\n<div class=\"more-link-wrapper\"><a class=\"more-link\" href=\"https:\/\/vappujohansson.net\/wordpress\/2018-saskia\/\">Continue reading<span class=\"screen-reader-text\">Saskia (12.10.-21.10.2018)<\/span><\/a><\/div>\n<div class=\"pvc_clear\"><\/div>\n<p id=\"pvc_stats_296\" class=\"pvc_stats all  \" data-element-id=\"296\" style=\"\"><i class=\"pvc-stats-icon medium\" aria-hidden=\"true\"><svg aria-hidden=\"true\" focusable=\"false\" data-prefix=\"far\" data-icon=\"chart-bar\" role=\"img\" xmlns=\"http:\/\/www.w3.org\/2000\/svg\" viewBox=\"0 0 512 512\" class=\"svg-inline--fa fa-chart-bar fa-w-16 fa-2x\"><path fill=\"currentColor\" d=\"M396.8 352h22.4c6.4 0 12.8-6.4 12.8-12.8V108.8c0-6.4-6.4-12.8-12.8-12.8h-22.4c-6.4 0-12.8 6.4-12.8 12.8v230.4c0 6.4 6.4 12.8 12.8 12.8zm-192 0h22.4c6.4 0 12.8-6.4 12.8-12.8V140.8c0-6.4-6.4-12.8-12.8-12.8h-22.4c-6.4 0-12.8 6.4-12.8 12.8v198.4c0 6.4 6.4 12.8 12.8 12.8zm96 0h22.4c6.4 0 12.8-6.4 12.8-12.8V204.8c0-6.4-6.4-12.8-12.8-12.8h-22.4c-6.4 0-12.8 6.4-12.8 12.8v134.4c0 6.4 6.4 12.8 12.8 12.8zM496 400H48V80c0-8.84-7.16-16-16-16H16C7.16 64 0 71.16 0 80v336c0 17.67 14.33 32 32 32h464c8.84 0 16-7.16 16-16v-16c0-8.84-7.16-16-16-16zm-387.2-48h22.4c6.4 0 12.8-6.4 12.8-12.8v-70.4c0-6.4-6.4-12.8-12.8-12.8h-22.4c-6.4 0-12.8 6.4-12.8 12.8v70.4c0 6.4 6.4 12.8 12.8 12.8z\" class=\"\"><\/path><\/svg><\/i> <img decoding=\"async\" width=\"16\" height=\"16\" alt=\"Loading\" src=\"https:\/\/vappujohansson.net\/wordpress\/wp-content\/plugins\/page-views-count\/ajax-loader-2x.gif\" border=0 \/><\/p>\n<div class=\"pvc_clear\"><\/div>\n","protected":false},"author":1,"featured_media":0,"parent":0,"menu_order":0,"comment_status":"closed","ping_status":"closed","template":"","meta":{"footnotes":""},"class_list":["post-296","page","type-page","status-publish","hentry","entry"],"_links":{"self":[{"href":"https:\/\/vappujohansson.net\/wordpress\/wp-json\/wp\/v2\/pages\/296","targetHints":{"allow":["GET"]}}],"collection":[{"href":"https:\/\/vappujohansson.net\/wordpress\/wp-json\/wp\/v2\/pages"}],"about":[{"href":"https:\/\/vappujohansson.net\/wordpress\/wp-json\/wp\/v2\/types\/page"}],"author":[{"embeddable":true,"href":"https:\/\/vappujohansson.net\/wordpress\/wp-json\/wp\/v2\/users\/1"}],"replies":[{"embeddable":true,"href":"https:\/\/vappujohansson.net\/wordpress\/wp-json\/wp\/v2\/comments?post=296"}],"version-history":[{"count":13,"href":"https:\/\/vappujohansson.net\/wordpress\/wp-json\/wp\/v2\/pages\/296\/revisions"}],"predecessor-version":[{"id":582,"href":"https:\/\/vappujohansson.net\/wordpress\/wp-json\/wp\/v2\/pages\/296\/revisions\/582"}],"wp:attachment":[{"href":"https:\/\/vappujohansson.net\/wordpress\/wp-json\/wp\/v2\/media?parent=296"}],"curies":[{"name":"wp","href":"https:\/\/api.w.org\/{rel}","templated":true}]}}