{"id":295,"date":"2018-09-06T12:36:30","date_gmt":"2018-09-06T09:36:30","guid":{"rendered":"http:\/\/www.vappujohansson.net\/wordpress\/?page_id=295"},"modified":"2018-09-19T11:00:11","modified_gmt":"2018-09-19T08:00:11","slug":"2018-duetto","status":"publish","type":"page","link":"https:\/\/vappujohansson.net\/wordpress\/2018-duetto\/","title":{"rendered":"Duetto (26.9.-21.10.2018)"},"content":{"rendered":"\r\n\r\n<a href=\"http:\/\/www.vappujohansson.net\/wordpress\/wp-content\/uploads\/2018\/09\/muuttuja_x.jpg\"><img fetchpriority=\"high\" decoding=\"async\" class=\"alignnone size-full wp-image-738\" src=\"http:\/\/www.vappujohansson.net\/wordpress\/wp-content\/uploads\/2018\/09\/muuttuja_x.jpg\" alt=\"\" width=\"502\" height=\"600\" srcset=\"https:\/\/vappujohansson.net\/wordpress\/wp-content\/uploads\/2018\/09\/muuttuja_x.jpg 502w, https:\/\/vappujohansson.net\/wordpress\/wp-content\/uploads\/2018\/09\/muuttuja_x-251x300.jpg 251w\" sizes=\"(max-width: 502px) 100vw, 502px\" \/><\/a>\r\n<h6><strong>Galleria Duetto 26.9.-21.10.2018 Vappu Johansson<\/strong><\/h6>\r\n<h6><\/h6>\r\n<h6>N\u00e4hty\u00e4ni v\u00e4ritahran vedostusp\u00f6yd\u00e4ll\u00e4 se on aina ollut mieless\u00e4ni.<\/h6>\r\n<h6>Kiinnostuin my\u00f6s kaaviokuvasta, jonka on kehitt\u00e4nyt 1600-luvulla el\u00e4nyt Athanasius Kircher. Sen avulla on h\u00e4nen mukaansa mahdollista muotoilla kaikki ajateltavissa olevat kysymykset.<\/h6>\r\n<h6>Miksi on niin vaikeaa palauttaa mieleen kuva rakkaista kasvoista?<\/h6>\r\n<h6>Onko maailmankaikkeus kokoelma rakenteellisia yhtenev\u00e4isyyksi\u00e4, jotka ovat vuorovaikutuksessa kesken\u00e4\u00e4n noudattaen logiikan\u00a0ja harmonian lakeja?<\/h6>\r\n<h6>Onko tahran toistaminen hyv\u00e4 keino ymm\u00e4rt\u00e4\u00e4 el\u00e4m\u00e4\u00e4 ja\u00a0l\u00e4hesty\u00e4 kuolemaa?<\/h6>\r\n<h6>N\u00e4yttelyss\u00e4 on esill\u00e4 grafiikan vedoksia sek\u00e4 eri tavoin sekatekniikoilla\u00a0toteutettuja teoksia vuosilta 2017-2018<\/h6>\r\n<a href=\"https:\/\/www.galleriat.net\/duetto\"><span style=\"color: #3366ff;\">Galleria Duetto (galleriat.net\/duetto)<\/span><\/a>\r\n\r\n<a href=\"http:\/\/www.vappujohansson.net\/wordpress\/wp-content\/uploads\/2018\/09\/duetto-logo-bottom-100.jpg\"><img decoding=\"async\" class=\"alignnone size-full wp-image-739\" src=\"http:\/\/www.vappujohansson.net\/wordpress\/wp-content\/uploads\/2018\/09\/duetto-logo-bottom-100.jpg\" alt=\"\" width=\"700\" height=\"368\" srcset=\"https:\/\/vappujohansson.net\/wordpress\/wp-content\/uploads\/2018\/09\/duetto-logo-bottom-100.jpg 700w, https:\/\/vappujohansson.net\/wordpress\/wp-content\/uploads\/2018\/09\/duetto-logo-bottom-100-300x158.jpg 300w\" sizes=\"(max-width: 700px) 100vw, 700px\" \/><\/a>\r\n\r\n\r\n\r\n\r\n\r\n\r\n\r\n<div class=\"pvc_clear\"><\/div><p id=\"pvc_stats_295\" class=\"pvc_stats all  \" data-element-id=\"295\" style=\"\"><i class=\"pvc-stats-icon medium\" aria-hidden=\"true\"><svg aria-hidden=\"true\" focusable=\"false\" data-prefix=\"far\" data-icon=\"chart-bar\" role=\"img\" xmlns=\"http:\/\/www.w3.org\/2000\/svg\" viewBox=\"0 0 512 512\" class=\"svg-inline--fa fa-chart-bar fa-w-16 fa-2x\"><path fill=\"currentColor\" d=\"M396.8 352h22.4c6.4 0 12.8-6.4 12.8-12.8V108.8c0-6.4-6.4-12.8-12.8-12.8h-22.4c-6.4 0-12.8 6.4-12.8 12.8v230.4c0 6.4 6.4 12.8 12.8 12.8zm-192 0h22.4c6.4 0 12.8-6.4 12.8-12.8V140.8c0-6.4-6.4-12.8-12.8-12.8h-22.4c-6.4 0-12.8 6.4-12.8 12.8v198.4c0 6.4 6.4 12.8 12.8 12.8zm96 0h22.4c6.4 0 12.8-6.4 12.8-12.8V204.8c0-6.4-6.4-12.8-12.8-12.8h-22.4c-6.4 0-12.8 6.4-12.8 12.8v134.4c0 6.4 6.4 12.8 12.8 12.8zM496 400H48V80c0-8.84-7.16-16-16-16H16C7.16 64 0 71.16 0 80v336c0 17.67 14.33 32 32 32h464c8.84 0 16-7.16 16-16v-16c0-8.84-7.16-16-16-16zm-387.2-48h22.4c6.4 0 12.8-6.4 12.8-12.8v-70.4c0-6.4-6.4-12.8-12.8-12.8h-22.4c-6.4 0-12.8 6.4-12.8 12.8v70.4c0 6.4 6.4 12.8 12.8 12.8z\" class=\"\"><\/path><\/svg><\/i> <img decoding=\"async\" width=\"16\" height=\"16\" alt=\"Loading\" src=\"https:\/\/vappujohansson.net\/wordpress\/wp-content\/plugins\/page-views-count\/ajax-loader-2x.gif\" border=0 \/><\/p><div class=\"pvc_clear\"><\/div>","protected":false},"excerpt":{"rendered":"<div class=\"pvc_clear\"><\/div>\n<p id=\"pvc_stats_295\" class=\"pvc_stats all  \" data-element-id=\"295\" style=\"\"><i class=\"pvc-stats-icon medium\" aria-hidden=\"true\"><svg aria-hidden=\"true\" focusable=\"false\" data-prefix=\"far\" data-icon=\"chart-bar\" role=\"img\" xmlns=\"http:\/\/www.w3.org\/2000\/svg\" viewBox=\"0 0 512 512\" class=\"svg-inline--fa fa-chart-bar fa-w-16 fa-2x\"><path fill=\"currentColor\" d=\"M396.8 352h22.4c6.4 0 12.8-6.4 12.8-12.8V108.8c0-6.4-6.4-12.8-12.8-12.8h-22.4c-6.4 0-12.8 6.4-12.8 12.8v230.4c0 6.4 6.4 12.8 12.8 12.8zm-192 0h22.4c6.4 0 12.8-6.4 12.8-12.8V140.8c0-6.4-6.4-12.8-12.8-12.8h-22.4c-6.4 0-12.8 6.4-12.8 12.8v198.4c0 6.4 6.4 12.8 12.8 12.8zm96 0h22.4c6.4 0 12.8-6.4 12.8-12.8V204.8c0-6.4-6.4-12.8-12.8-12.8h-22.4c-6.4 0-12.8 6.4-12.8 12.8v134.4c0 6.4 6.4 12.8 12.8 12.8zM496 400H48V80c0-8.84-7.16-16-16-16H16C7.16 64 0 71.16 0 80v336c0 17.67 14.33 32 32 32h464c8.84 0 16-7.16 16-16v-16c0-8.84-7.16-16-16-16zm-387.2-48h22.4c6.4 0 12.8-6.4 12.8-12.8v-70.4c0-6.4-6.4-12.8-12.8-12.8h-22.4c-6.4 0-12.8 6.4-12.8 12.8v70.4c0 6.4 6.4 12.8 12.8 12.8z\" class=\"\"><\/path><\/svg><\/i> <img decoding=\"async\" width=\"16\" height=\"16\" alt=\"Loading\" src=\"https:\/\/vappujohansson.net\/wordpress\/wp-content\/plugins\/page-views-count\/ajax-loader-2x.gif\" border=0 \/><\/p>\n<div class=\"pvc_clear\"><\/div>\n","protected":false},"author":1,"featured_media":0,"parent":0,"menu_order":0,"comment_status":"closed","ping_status":"closed","template":"","meta":{"footnotes":""},"class_list":["post-295","page","type-page","status-publish","hentry","entry"],"_links":{"self":[{"href":"https:\/\/vappujohansson.net\/wordpress\/wp-json\/wp\/v2\/pages\/295","targetHints":{"allow":["GET"]}}],"collection":[{"href":"https:\/\/vappujohansson.net\/wordpress\/wp-json\/wp\/v2\/pages"}],"about":[{"href":"https:\/\/vappujohansson.net\/wordpress\/wp-json\/wp\/v2\/types\/page"}],"author":[{"embeddable":true,"href":"https:\/\/vappujohansson.net\/wordpress\/wp-json\/wp\/v2\/users\/1"}],"replies":[{"embeddable":true,"href":"https:\/\/vappujohansson.net\/wordpress\/wp-json\/wp\/v2\/comments?post=295"}],"version-history":[{"count":16,"href":"https:\/\/vappujohansson.net\/wordpress\/wp-json\/wp\/v2\/pages\/295\/revisions"}],"predecessor-version":[{"id":745,"href":"https:\/\/vappujohansson.net\/wordpress\/wp-json\/wp\/v2\/pages\/295\/revisions\/745"}],"wp:attachment":[{"href":"https:\/\/vappujohansson.net\/wordpress\/wp-json\/wp\/v2\/media?parent=295"}],"curies":[{"name":"wp","href":"https:\/\/api.w.org\/{rel}","templated":true}]}}