{"id":291,"date":"2018-09-05T19:24:18","date_gmt":"2018-09-05T16:24:18","guid":{"rendered":"http:\/\/www.vappujohansson.net\/wordpress\/?page_id=291"},"modified":"2020-01-16T15:03:31","modified_gmt":"2020-01-16T13:03:31","slug":"2013-2","status":"publish","type":"page","link":"https:\/\/vappujohansson.net\/wordpress\/2013-2\/","title":{"rendered":"2013"},"content":{"rendered":"<h2 class=\"has-text-align-center\" style=\"text-align: center;\">Works from 2013<\/h2>\r\n<p>&nbsp;<\/p>\r\n<div id=\"envira-gallery-wrap-465\" class=\"envira-gallery-wrap envira-gallery-theme-base envira-lightbox-theme-base\" itemscope itemtype=\"https:\/\/schema.org\/ImageGallery\"><div data-row-height=\"\" data-gallery-theme=\"\" id=\"envira-gallery-465\" class=\"envira-gallery-public  envira-gallery-1-columns envira-clear enviratope envira-gallery-css-animations\" data-envira-columns=\"1\"><div id=\"envira-gallery-item-466\" class=\"envira-gallery-item enviratope-item envira-gallery-item-1 envira-lazy-load\" style=\"padding-left: 5px; padding-bottom: 20px; padding-right: 5px;\"  itemscope itemtype=\"https:\/\/schema.org\/ImageObject\"><div class=\"envira-gallery-item-inner\"><div class=\"envira-gallery-position-overlay  envira-gallery-top-left\"><\/div><div class=\"envira-gallery-position-overlay  envira-gallery-top-right\"><\/div><div class=\"envira-gallery-position-overlay  envira-gallery-bottom-left\"><\/div><div class=\"envira-gallery-position-overlay  envira-gallery-bottom-right\"><\/div><div class=\"envira-lazy\" data-test-width=\"640\" data-test-height=\"480\" style=\"padding-bottom:75%;\"><img decoding=\"async\" id=\"envira-gallery-image-466\" class=\"envira-gallery-image envira-gallery-image-1\" data-envira-index=\"1\" src=\"https:\/\/vappujohansson.net\/wordpress\/wp-content\/uploads\/2018\/09\/La-nuit-des-fourmis-volantes-1-768x425.jpg\" data-envira-src=\"https:\/\/vappujohansson.net\/wordpress\/wp-content\/uploads\/2018\/09\/La-nuit-des-fourmis-volantes-1-768x425.jpg\" data-envira-gallery-id=\"465\" data-envira-item-id=\"466\" data-envira-caption=\"La nuit des fourmis volantes\" alt=\"\" title=\"La nuit des fourmis volantes\"  itemprop=\"thumbnailUrl\" data-envira-srcset=\"https:\/\/vappujohansson.net\/wordpress\/wp-content\/uploads\/2018\/09\/La-nuit-des-fourmis-volantes-1-768x425.jpg 400w,https:\/\/vappujohansson.net\/wordpress\/wp-content\/uploads\/2018\/09\/La-nuit-des-fourmis-volantes-1-768x425.jpg 2x\" srcset=\"data:image\/gif;base64,R0lGODlhAQABAIAAAP\/\/\/\/\/\/\/yH5BAEKAAEALAAAAAABAAEAAAICTAEAOw==\" \/><\/div><\/div><\/div><div id=\"envira-gallery-item-467\" class=\"envira-gallery-item enviratope-item envira-gallery-item-2 envira-lazy-load\" style=\"padding-left: 5px; padding-bottom: 20px; padding-right: 5px;\"  itemscope itemtype=\"https:\/\/schema.org\/ImageObject\"><div class=\"envira-gallery-item-inner\"><div class=\"envira-gallery-position-overlay  envira-gallery-top-left\"><\/div><div class=\"envira-gallery-position-overlay  envira-gallery-top-right\"><\/div><div class=\"envira-gallery-position-overlay  envira-gallery-bottom-left\"><\/div><div class=\"envira-gallery-position-overlay  envira-gallery-bottom-right\"><\/div><div class=\"envira-lazy\" data-test-width=\"640\" data-test-height=\"480\" style=\"padding-bottom:75%;\"><img decoding=\"async\" id=\"envira-gallery-image-467\" class=\"envira-gallery-image envira-gallery-image-2\" data-envira-index=\"2\" src=\"https:\/\/vappujohansson.net\/wordpress\/wp-content\/uploads\/2018\/09\/laavalamppu_ja-Tao_3-1.jpg\" data-envira-src=\"https:\/\/vappujohansson.net\/wordpress\/wp-content\/uploads\/2018\/09\/laavalamppu_ja-Tao_3-1.jpg\" data-envira-gallery-id=\"465\" data-envira-item-id=\"467\" data-envira-caption=\"laavalamppu_ja Tao_3\" alt=\"\" title=\"laavalamppu_ja Tao_3\"  itemprop=\"thumbnailUrl\" data-envira-srcset=\"https:\/\/vappujohansson.net\/wordpress\/wp-content\/uploads\/2018\/09\/laavalamppu_ja-Tao_3-1.jpg 400w,https:\/\/vappujohansson.net\/wordpress\/wp-content\/uploads\/2018\/09\/laavalamppu_ja-Tao_3-1.jpg 2x\" srcset=\"data:image\/gif;base64,R0lGODlhAQABAIAAAP\/\/\/\/\/\/\/yH5BAEKAAEALAAAAAABAAEAAAICTAEAOw==\" \/><\/div><\/div><\/div><div id=\"envira-gallery-item-468\" class=\"envira-gallery-item enviratope-item envira-gallery-item-3 envira-lazy-load\" style=\"padding-left: 5px; padding-bottom: 20px; padding-right: 5px;\"  itemscope itemtype=\"https:\/\/schema.org\/ImageObject\"><div class=\"envira-gallery-item-inner\"><div class=\"envira-gallery-position-overlay  envira-gallery-top-left\"><\/div><div class=\"envira-gallery-position-overlay  envira-gallery-top-right\"><\/div><div class=\"envira-gallery-position-overlay  envira-gallery-bottom-left\"><\/div><div class=\"envira-gallery-position-overlay  envira-gallery-bottom-right\"><\/div><div class=\"envira-lazy\" data-test-width=\"640\" data-test-height=\"480\" style=\"padding-bottom:75%;\"><img decoding=\"async\" id=\"envira-gallery-image-468\" class=\"envira-gallery-image envira-gallery-image-3\" data-envira-index=\"3\" src=\"https:\/\/vappujohansson.net\/wordpress\/wp-content\/uploads\/2018\/09\/laavalamppu_ja_\u00e4\u00e4ret\u00f6n_1-768x554.jpg\" data-envira-src=\"https:\/\/vappujohansson.net\/wordpress\/wp-content\/uploads\/2018\/09\/laavalamppu_ja_\u00e4\u00e4ret\u00f6n_1-768x554.jpg\" data-envira-gallery-id=\"465\" data-envira-item-id=\"468\" data-envira-caption=\"laavalamppu_ja_&auml;&auml;ret&ouml;n_1\" alt=\"\" title=\"laavalamppu_ja_&amp;auml;&amp;auml;ret&amp;ouml;n_1\"  itemprop=\"thumbnailUrl\" data-envira-srcset=\"https:\/\/vappujohansson.net\/wordpress\/wp-content\/uploads\/2018\/09\/laavalamppu_ja_\u00e4\u00e4ret\u00f6n_1-768x554.jpg 400w,https:\/\/vappujohansson.net\/wordpress\/wp-content\/uploads\/2018\/09\/laavalamppu_ja_\u00e4\u00e4ret\u00f6n_1-768x554.jpg 2x\" srcset=\"data:image\/gif;base64,R0lGODlhAQABAIAAAP\/\/\/\/\/\/\/yH5BAEKAAEALAAAAAABAAEAAAICTAEAOw==\" \/><\/div><\/div><\/div><div id=\"envira-gallery-item-469\" class=\"envira-gallery-item enviratope-item envira-gallery-item-4 envira-lazy-load\" style=\"padding-left: 5px; padding-bottom: 20px; padding-right: 5px;\"  itemscope itemtype=\"https:\/\/schema.org\/ImageObject\"><div class=\"envira-gallery-item-inner\"><div class=\"envira-gallery-position-overlay  envira-gallery-top-left\"><\/div><div class=\"envira-gallery-position-overlay  envira-gallery-top-right\"><\/div><div class=\"envira-gallery-position-overlay  envira-gallery-bottom-left\"><\/div><div class=\"envira-gallery-position-overlay  envira-gallery-bottom-right\"><\/div><div class=\"envira-lazy\" data-test-width=\"640\" data-test-height=\"480\" style=\"padding-bottom:75%;\"><img decoding=\"async\" id=\"envira-gallery-image-469\" class=\"envira-gallery-image envira-gallery-image-4\" data-envira-index=\"4\" src=\"https:\/\/vappujohansson.net\/wordpress\/wp-content\/uploads\/2018\/09\/laavalamppu_ja_\u00e4\u00e4ret\u00f6n_2-768x550.jpg\" data-envira-src=\"https:\/\/vappujohansson.net\/wordpress\/wp-content\/uploads\/2018\/09\/laavalamppu_ja_\u00e4\u00e4ret\u00f6n_2-768x550.jpg\" data-envira-gallery-id=\"465\" data-envira-item-id=\"469\" data-envira-caption=\"laavalamppu_ja_&auml;&auml;ret&ouml;n_2\" alt=\"\" title=\"laavalamppu_ja_&amp;auml;&amp;auml;ret&amp;ouml;n_2\"  itemprop=\"thumbnailUrl\" data-envira-srcset=\"https:\/\/vappujohansson.net\/wordpress\/wp-content\/uploads\/2018\/09\/laavalamppu_ja_\u00e4\u00e4ret\u00f6n_2-768x550.jpg 400w,https:\/\/vappujohansson.net\/wordpress\/wp-content\/uploads\/2018\/09\/laavalamppu_ja_\u00e4\u00e4ret\u00f6n_2-768x550.jpg 2x\" srcset=\"data:image\/gif;base64,R0lGODlhAQABAIAAAP\/\/\/\/\/\/\/yH5BAEKAAEALAAAAAABAAEAAAICTAEAOw==\" \/><\/div><\/div><\/div><div id=\"envira-gallery-item-470\" class=\"envira-gallery-item enviratope-item envira-gallery-item-5 envira-lazy-load\" style=\"padding-left: 5px; padding-bottom: 20px; padding-right: 5px;\"  itemscope itemtype=\"https:\/\/schema.org\/ImageObject\"><div class=\"envira-gallery-item-inner\"><div class=\"envira-gallery-position-overlay  envira-gallery-top-left\"><\/div><div class=\"envira-gallery-position-overlay  envira-gallery-top-right\"><\/div><div class=\"envira-gallery-position-overlay  envira-gallery-bottom-left\"><\/div><div class=\"envira-gallery-position-overlay  envira-gallery-bottom-right\"><\/div><div class=\"envira-lazy\" data-test-width=\"640\" data-test-height=\"480\" style=\"padding-bottom:75%;\"><img decoding=\"async\" id=\"envira-gallery-image-470\" class=\"envira-gallery-image envira-gallery-image-5\" data-envira-index=\"5\" src=\"https:\/\/vappujohansson.net\/wordpress\/wp-content\/uploads\/2018\/09\/laavalamppu_ja_Tao_1-1.jpg\" data-envira-src=\"https:\/\/vappujohansson.net\/wordpress\/wp-content\/uploads\/2018\/09\/laavalamppu_ja_Tao_1-1.jpg\" data-envira-gallery-id=\"465\" data-envira-item-id=\"470\" data-envira-caption=\"laavalamppu_ja_Tao_1\" alt=\"\" title=\"laavalamppu_ja_Tao_1\"  itemprop=\"thumbnailUrl\" data-envira-srcset=\"https:\/\/vappujohansson.net\/wordpress\/wp-content\/uploads\/2018\/09\/laavalamppu_ja_Tao_1-1.jpg 400w,https:\/\/vappujohansson.net\/wordpress\/wp-content\/uploads\/2018\/09\/laavalamppu_ja_Tao_1-1.jpg 2x\" srcset=\"data:image\/gif;base64,R0lGODlhAQABAIAAAP\/\/\/\/\/\/\/yH5BAEKAAEALAAAAAABAAEAAAICTAEAOw==\" \/><\/div><\/div><\/div><div id=\"envira-gallery-item-471\" class=\"envira-gallery-item enviratope-item envira-gallery-item-6 envira-lazy-load\" style=\"padding-left: 5px; padding-bottom: 20px; padding-right: 5px;\"  itemscope itemtype=\"https:\/\/schema.org\/ImageObject\"><div class=\"envira-gallery-item-inner\"><div class=\"envira-gallery-position-overlay  envira-gallery-top-left\"><\/div><div class=\"envira-gallery-position-overlay  envira-gallery-top-right\"><\/div><div class=\"envira-gallery-position-overlay  envira-gallery-bottom-left\"><\/div><div class=\"envira-gallery-position-overlay  envira-gallery-bottom-right\"><\/div><div class=\"envira-lazy\" data-test-width=\"640\" data-test-height=\"480\" style=\"padding-bottom:75%;\"><img decoding=\"async\" id=\"envira-gallery-image-471\" class=\"envira-gallery-image envira-gallery-image-6\" data-envira-index=\"6\" src=\"https:\/\/vappujohansson.net\/wordpress\/wp-content\/uploads\/2018\/09\/laavalampun_alla_1-1-768x378.jpg\" data-envira-src=\"https:\/\/vappujohansson.net\/wordpress\/wp-content\/uploads\/2018\/09\/laavalampun_alla_1-1-768x378.jpg\" data-envira-gallery-id=\"465\" data-envira-item-id=\"471\" data-envira-caption=\"laavalampun_alla_1\" alt=\"\" title=\"laavalampun_alla_1\"  itemprop=\"thumbnailUrl\" data-envira-srcset=\"https:\/\/vappujohansson.net\/wordpress\/wp-content\/uploads\/2018\/09\/laavalampun_alla_1-1-768x378.jpg 400w,https:\/\/vappujohansson.net\/wordpress\/wp-content\/uploads\/2018\/09\/laavalampun_alla_1-1-768x378.jpg 2x\" srcset=\"data:image\/gif;base64,R0lGODlhAQABAIAAAP\/\/\/\/\/\/\/yH5BAEKAAEALAAAAAABAAEAAAICTAEAOw==\" \/><\/div><\/div><\/div><div id=\"envira-gallery-item-472\" class=\"envira-gallery-item enviratope-item envira-gallery-item-7 envira-lazy-load\" style=\"padding-left: 5px; padding-bottom: 20px; padding-right: 5px;\"  itemscope itemtype=\"https:\/\/schema.org\/ImageObject\"><div class=\"envira-gallery-item-inner\"><div class=\"envira-gallery-position-overlay  envira-gallery-top-left\"><\/div><div class=\"envira-gallery-position-overlay  envira-gallery-top-right\"><\/div><div class=\"envira-gallery-position-overlay  envira-gallery-bottom-left\"><\/div><div class=\"envira-gallery-position-overlay  envira-gallery-bottom-right\"><\/div><div class=\"envira-lazy\" data-test-width=\"640\" data-test-height=\"480\" style=\"padding-bottom:75%;\"><img decoding=\"async\" id=\"envira-gallery-image-472\" class=\"envira-gallery-image envira-gallery-image-7\" data-envira-index=\"7\" src=\"https:\/\/vappujohansson.net\/wordpress\/wp-content\/uploads\/2018\/09\/laavalampun_alla_2-1-768x381.jpg\" data-envira-src=\"https:\/\/vappujohansson.net\/wordpress\/wp-content\/uploads\/2018\/09\/laavalampun_alla_2-1-768x381.jpg\" data-envira-gallery-id=\"465\" data-envira-item-id=\"472\" data-envira-caption=\"laavalampun_alla_2\" alt=\"\" title=\"laavalampun_alla_2\"  itemprop=\"thumbnailUrl\" data-envira-srcset=\"https:\/\/vappujohansson.net\/wordpress\/wp-content\/uploads\/2018\/09\/laavalampun_alla_2-1-768x381.jpg 400w,https:\/\/vappujohansson.net\/wordpress\/wp-content\/uploads\/2018\/09\/laavalampun_alla_2-1-768x381.jpg 2x\" srcset=\"data:image\/gif;base64,R0lGODlhAQABAIAAAP\/\/\/\/\/\/\/yH5BAEKAAEALAAAAAABAAEAAAICTAEAOw==\" \/><\/div><\/div><\/div><div id=\"envira-gallery-item-473\" class=\"envira-gallery-item enviratope-item envira-gallery-item-8 envira-lazy-load\" style=\"padding-left: 5px; padding-bottom: 20px; padding-right: 5px;\"  itemscope itemtype=\"https:\/\/schema.org\/ImageObject\"><div class=\"envira-gallery-item-inner\"><div class=\"envira-gallery-position-overlay  envira-gallery-top-left\"><\/div><div class=\"envira-gallery-position-overlay  envira-gallery-top-right\"><\/div><div class=\"envira-gallery-position-overlay  envira-gallery-bottom-left\"><\/div><div class=\"envira-gallery-position-overlay  envira-gallery-bottom-right\"><\/div><div class=\"envira-lazy\" data-test-width=\"640\" data-test-height=\"480\" style=\"padding-bottom:75%;\"><img decoding=\"async\" id=\"envira-gallery-image-473\" class=\"envira-gallery-image envira-gallery-image-8\" data-envira-index=\"8\" src=\"https:\/\/vappujohansson.net\/wordpress\/wp-content\/uploads\/2018\/09\/laavalampun_alla_4-1-768x382.jpg\" data-envira-src=\"https:\/\/vappujohansson.net\/wordpress\/wp-content\/uploads\/2018\/09\/laavalampun_alla_4-1-768x382.jpg\" data-envira-gallery-id=\"465\" data-envira-item-id=\"473\" data-envira-caption=\"laavalampun_alla_4\" alt=\"\" title=\"laavalampun_alla_4\"  itemprop=\"thumbnailUrl\" data-envira-srcset=\"https:\/\/vappujohansson.net\/wordpress\/wp-content\/uploads\/2018\/09\/laavalampun_alla_4-1-768x382.jpg 400w,https:\/\/vappujohansson.net\/wordpress\/wp-content\/uploads\/2018\/09\/laavalampun_alla_4-1-768x382.jpg 2x\" srcset=\"data:image\/gif;base64,R0lGODlhAQABAIAAAP\/\/\/\/\/\/\/yH5BAEKAAEALAAAAAABAAEAAAICTAEAOw==\" \/><\/div><\/div><\/div><div id=\"envira-gallery-item-474\" class=\"envira-gallery-item enviratope-item envira-gallery-item-9 envira-lazy-load\" style=\"padding-left: 5px; padding-bottom: 20px; padding-right: 5px;\"  itemscope itemtype=\"https:\/\/schema.org\/ImageObject\"><div class=\"envira-gallery-item-inner\"><div class=\"envira-gallery-position-overlay  envira-gallery-top-left\"><\/div><div class=\"envira-gallery-position-overlay  envira-gallery-top-right\"><\/div><div class=\"envira-gallery-position-overlay  envira-gallery-bottom-left\"><\/div><div class=\"envira-gallery-position-overlay  envira-gallery-bottom-right\"><\/div><div class=\"envira-lazy\" data-test-width=\"640\" data-test-height=\"480\" style=\"padding-bottom:75%;\"><img decoding=\"async\" id=\"envira-gallery-image-474\" class=\"envira-gallery-image envira-gallery-image-9\" data-envira-index=\"9\" src=\"https:\/\/vappujohansson.net\/wordpress\/wp-content\/uploads\/2018\/09\/Loterie-cellulaire-768x425.jpg\" data-envira-src=\"https:\/\/vappujohansson.net\/wordpress\/wp-content\/uploads\/2018\/09\/Loterie-cellulaire-768x425.jpg\" data-envira-gallery-id=\"465\" data-envira-item-id=\"474\" data-envira-caption=\"Loterie cellulaire\" alt=\"\" title=\"Loterie cellulaire\"  itemprop=\"thumbnailUrl\" data-envira-srcset=\"https:\/\/vappujohansson.net\/wordpress\/wp-content\/uploads\/2018\/09\/Loterie-cellulaire-768x425.jpg 400w,https:\/\/vappujohansson.net\/wordpress\/wp-content\/uploads\/2018\/09\/Loterie-cellulaire-768x425.jpg 2x\" srcset=\"data:image\/gif;base64,R0lGODlhAQABAIAAAP\/\/\/\/\/\/\/yH5BAEKAAEALAAAAAABAAEAAAICTAEAOw==\" \/><\/div><\/div><\/div><div id=\"envira-gallery-item-475\" class=\"envira-gallery-item enviratope-item envira-gallery-item-10 envira-lazy-load\" style=\"padding-left: 5px; padding-bottom: 20px; padding-right: 5px;\"  itemscope itemtype=\"https:\/\/schema.org\/ImageObject\"><div class=\"envira-gallery-item-inner\"><div class=\"envira-gallery-position-overlay  envira-gallery-top-left\"><\/div><div class=\"envira-gallery-position-overlay  envira-gallery-top-right\"><\/div><div class=\"envira-gallery-position-overlay  envira-gallery-bottom-left\"><\/div><div class=\"envira-gallery-position-overlay  envira-gallery-bottom-right\"><\/div><div class=\"envira-lazy\" data-test-width=\"640\" data-test-height=\"480\" style=\"padding-bottom:75%;\"><img decoding=\"async\" id=\"envira-gallery-image-475\" class=\"envira-gallery-image envira-gallery-image-10\" data-envira-index=\"10\" src=\"https:\/\/vappujohansson.net\/wordpress\/wp-content\/uploads\/2018\/09\/Suuri-iloinen.jpg\" data-envira-src=\"https:\/\/vappujohansson.net\/wordpress\/wp-content\/uploads\/2018\/09\/Suuri-iloinen.jpg\" data-envira-gallery-id=\"465\" data-envira-item-id=\"475\" data-envira-caption=\"Suuri iloinen\" alt=\"\" title=\"Suuri iloinen\"  itemprop=\"thumbnailUrl\" data-envira-srcset=\"https:\/\/vappujohansson.net\/wordpress\/wp-content\/uploads\/2018\/09\/Suuri-iloinen.jpg 400w,https:\/\/vappujohansson.net\/wordpress\/wp-content\/uploads\/2018\/09\/Suuri-iloinen.jpg 2x\" srcset=\"data:image\/gif;base64,R0lGODlhAQABAIAAAP\/\/\/\/\/\/\/yH5BAEKAAEALAAAAAABAAEAAAICTAEAOw==\" \/><\/div><\/div><\/div><div id=\"envira-gallery-item-476\" class=\"envira-gallery-item enviratope-item envira-gallery-item-11 envira-lazy-load\" style=\"padding-left: 5px; padding-bottom: 20px; padding-right: 5px;\"  itemscope itemtype=\"https:\/\/schema.org\/ImageObject\"><div class=\"envira-gallery-item-inner\"><div class=\"envira-gallery-position-overlay  envira-gallery-top-left\"><\/div><div class=\"envira-gallery-position-overlay  envira-gallery-top-right\"><\/div><div class=\"envira-gallery-position-overlay  envira-gallery-bottom-left\"><\/div><div class=\"envira-gallery-position-overlay  envira-gallery-bottom-right\"><\/div><div class=\"envira-lazy\" data-test-width=\"640\" data-test-height=\"480\" style=\"padding-bottom:75%;\"><img decoding=\"async\" id=\"envira-gallery-image-476\" class=\"envira-gallery-image envira-gallery-image-11\" data-envira-index=\"11\" src=\"https:\/\/vappujohansson.net\/wordpress\/wp-content\/uploads\/2018\/09\/Suuri-sininen.jpg\" data-envira-src=\"https:\/\/vappujohansson.net\/wordpress\/wp-content\/uploads\/2018\/09\/Suuri-sininen.jpg\" data-envira-gallery-id=\"465\" data-envira-item-id=\"476\" data-envira-caption=\"Suuri sininen\" alt=\"\" title=\"Suuri sininen\"  itemprop=\"thumbnailUrl\" data-envira-srcset=\"https:\/\/vappujohansson.net\/wordpress\/wp-content\/uploads\/2018\/09\/Suuri-sininen.jpg 400w,https:\/\/vappujohansson.net\/wordpress\/wp-content\/uploads\/2018\/09\/Suuri-sininen.jpg 2x\" srcset=\"data:image\/gif;base64,R0lGODlhAQABAIAAAP\/\/\/\/\/\/\/yH5BAEKAAEALAAAAAABAAEAAAICTAEAOw==\" \/><\/div><\/div><\/div><\/div><\/div><noscript><img decoding=\"async\" src=\"https:\/\/vappujohansson.net\/wordpress\/wp-content\/uploads\/2018\/09\/La-nuit-des-fourmis-volantes-1.jpg\" alt=\"\" \/><img decoding=\"async\" src=\"https:\/\/vappujohansson.net\/wordpress\/wp-content\/uploads\/2018\/09\/laavalamppu_ja-Tao_3-1.jpg\" alt=\"\" \/><img decoding=\"async\" src=\"https:\/\/vappujohansson.net\/wordpress\/wp-content\/uploads\/2018\/09\/laavalamppu_ja_\u00e4\u00e4ret\u00f6n_1.jpg\" alt=\"\" \/><img decoding=\"async\" src=\"https:\/\/vappujohansson.net\/wordpress\/wp-content\/uploads\/2018\/09\/laavalamppu_ja_\u00e4\u00e4ret\u00f6n_2.jpg\" alt=\"\" \/><img decoding=\"async\" src=\"https:\/\/vappujohansson.net\/wordpress\/wp-content\/uploads\/2018\/09\/laavalamppu_ja_Tao_1-1.jpg\" alt=\"\" \/><img decoding=\"async\" src=\"https:\/\/vappujohansson.net\/wordpress\/wp-content\/uploads\/2018\/09\/laavalampun_alla_1-1.jpg\" alt=\"\" \/><img decoding=\"async\" src=\"https:\/\/vappujohansson.net\/wordpress\/wp-content\/uploads\/2018\/09\/laavalampun_alla_2-1.jpg\" alt=\"\" \/><img decoding=\"async\" src=\"https:\/\/vappujohansson.net\/wordpress\/wp-content\/uploads\/2018\/09\/laavalampun_alla_4-1.jpg\" alt=\"\" \/><img decoding=\"async\" src=\"https:\/\/vappujohansson.net\/wordpress\/wp-content\/uploads\/2018\/09\/Loterie-cellulaire.jpg\" alt=\"\" \/><img decoding=\"async\" src=\"https:\/\/vappujohansson.net\/wordpress\/wp-content\/uploads\/2018\/09\/Suuri-iloinen.jpg\" alt=\"\" \/><img decoding=\"async\" src=\"https:\/\/vappujohansson.net\/wordpress\/wp-content\/uploads\/2018\/09\/Suuri-sininen.jpg\" alt=\"\" \/><\/noscript>\r\n\r\n<div style=\"height:100px\" aria-hidden=\"true\" class=\"wp-block-spacer\"><\/div>\r\n\r\n<div class=\"pvc_clear\"><\/div><p id=\"pvc_stats_291\" class=\"pvc_stats all  \" data-element-id=\"291\" style=\"\"><i class=\"pvc-stats-icon medium\" aria-hidden=\"true\"><svg aria-hidden=\"true\" focusable=\"false\" data-prefix=\"far\" data-icon=\"chart-bar\" role=\"img\" xmlns=\"http:\/\/www.w3.org\/2000\/svg\" viewBox=\"0 0 512 512\" class=\"svg-inline--fa fa-chart-bar fa-w-16 fa-2x\"><path fill=\"currentColor\" d=\"M396.8 352h22.4c6.4 0 12.8-6.4 12.8-12.8V108.8c0-6.4-6.4-12.8-12.8-12.8h-22.4c-6.4 0-12.8 6.4-12.8 12.8v230.4c0 6.4 6.4 12.8 12.8 12.8zm-192 0h22.4c6.4 0 12.8-6.4 12.8-12.8V140.8c0-6.4-6.4-12.8-12.8-12.8h-22.4c-6.4 0-12.8 6.4-12.8 12.8v198.4c0 6.4 6.4 12.8 12.8 12.8zm96 0h22.4c6.4 0 12.8-6.4 12.8-12.8V204.8c0-6.4-6.4-12.8-12.8-12.8h-22.4c-6.4 0-12.8 6.4-12.8 12.8v134.4c0 6.4 6.4 12.8 12.8 12.8zM496 400H48V80c0-8.84-7.16-16-16-16H16C7.16 64 0 71.16 0 80v336c0 17.67 14.33 32 32 32h464c8.84 0 16-7.16 16-16v-16c0-8.84-7.16-16-16-16zm-387.2-48h22.4c6.4 0 12.8-6.4 12.8-12.8v-70.4c0-6.4-6.4-12.8-12.8-12.8h-22.4c-6.4 0-12.8 6.4-12.8 12.8v70.4c0 6.4 6.4 12.8 12.8 12.8z\" class=\"\"><\/path><\/svg><\/i> <img decoding=\"async\" width=\"16\" height=\"16\" alt=\"Loading\" src=\"https:\/\/vappujohansson.net\/wordpress\/wp-content\/plugins\/page-views-count\/ajax-loader-2x.gif\" border=0 \/><\/p><div class=\"pvc_clear\"><\/div>","protected":false},"excerpt":{"rendered":"<p>Works from 2013 &nbsp;<\/p>\n<div class=\"pvc_clear\"><\/div>\n<p id=\"pvc_stats_291\" class=\"pvc_stats all  \" data-element-id=\"291\" style=\"\"><i class=\"pvc-stats-icon medium\" aria-hidden=\"true\"><svg aria-hidden=\"true\" focusable=\"false\" data-prefix=\"far\" data-icon=\"chart-bar\" role=\"img\" xmlns=\"http:\/\/www.w3.org\/2000\/svg\" viewBox=\"0 0 512 512\" class=\"svg-inline--fa fa-chart-bar fa-w-16 fa-2x\"><path fill=\"currentColor\" d=\"M396.8 352h22.4c6.4 0 12.8-6.4 12.8-12.8V108.8c0-6.4-6.4-12.8-12.8-12.8h-22.4c-6.4 0-12.8 6.4-12.8 12.8v230.4c0 6.4 6.4 12.8 12.8 12.8zm-192 0h22.4c6.4 0 12.8-6.4 12.8-12.8V140.8c0-6.4-6.4-12.8-12.8-12.8h-22.4c-6.4 0-12.8 6.4-12.8 12.8v198.4c0 6.4 6.4 12.8 12.8 12.8zm96 0h22.4c6.4 0 12.8-6.4 12.8-12.8V204.8c0-6.4-6.4-12.8-12.8-12.8h-22.4c-6.4 0-12.8 6.4-12.8 12.8v134.4c0 6.4 6.4 12.8 12.8 12.8zM496 400H48V80c0-8.84-7.16-16-16-16H16C7.16 64 0 71.16 0 80v336c0 17.67 14.33 32 32 32h464c8.84 0 16-7.16 16-16v-16c0-8.84-7.16-16-16-16zm-387.2-48h22.4c6.4 0 12.8-6.4 12.8-12.8v-70.4c0-6.4-6.4-12.8-12.8-12.8h-22.4c-6.4 0-12.8 6.4-12.8 12.8v70.4c0 6.4 6.4 12.8 12.8 12.8z\" class=\"\"><\/path><\/svg><\/i> <img decoding=\"async\" width=\"16\" height=\"16\" alt=\"Loading\" src=\"https:\/\/vappujohansson.net\/wordpress\/wp-content\/plugins\/page-views-count\/ajax-loader-2x.gif\" border=0 \/><\/p>\n<div class=\"pvc_clear\"><\/div>\n","protected":false},"author":1,"featured_media":0,"parent":0,"menu_order":0,"comment_status":"closed","ping_status":"closed","template":"","meta":{"footnotes":""},"class_list":["post-291","page","type-page","status-publish","hentry","entry"],"_links":{"self":[{"href":"https:\/\/vappujohansson.net\/wordpress\/wp-json\/wp\/v2\/pages\/291","targetHints":{"allow":["GET"]}}],"collection":[{"href":"https:\/\/vappujohansson.net\/wordpress\/wp-json\/wp\/v2\/pages"}],"about":[{"href":"https:\/\/vappujohansson.net\/wordpress\/wp-json\/wp\/v2\/types\/page"}],"author":[{"embeddable":true,"href":"https:\/\/vappujohansson.net\/wordpress\/wp-json\/wp\/v2\/users\/1"}],"replies":[{"embeddable":true,"href":"https:\/\/vappujohansson.net\/wordpress\/wp-json\/wp\/v2\/comments?post=291"}],"version-history":[{"count":14,"href":"https:\/\/vappujohansson.net\/wordpress\/wp-json\/wp\/v2\/pages\/291\/revisions"}],"predecessor-version":[{"id":1337,"href":"https:\/\/vappujohansson.net\/wordpress\/wp-json\/wp\/v2\/pages\/291\/revisions\/1337"}],"wp:attachment":[{"href":"https:\/\/vappujohansson.net\/wordpress\/wp-json\/wp\/v2\/media?parent=291"}],"curies":[{"name":"wp","href":"https:\/\/api.w.org\/{rel}","templated":true}]}}