{"id":105,"date":"2018-08-30T13:23:28","date_gmt":"2018-08-30T10:23:28","guid":{"rendered":"http:\/\/www.vappujohansson.net\/wordpress\/?page_id=105"},"modified":"2023-04-17T14:39:28","modified_gmt":"2023-04-17T12:39:28","slug":"links","status":"publish","type":"page","link":"https:\/\/vappujohansson.net\/wordpress\/links\/","title":{"rendered":"Links"},"content":{"rendered":"<p><strong>Galleries:<br \/>\n<a href=\"http:\/\/www.taidegraafikot.fi\/\" target=\"_blank\" rel=\"noreferrer noopener\"><span style=\"color: #3366ff;\">Galleria G<\/span> <\/a><br \/>\n<a href=\"https:\/\/www.galleriaduetto.fi\/\" target=\"_blank\" rel=\"noreferrer noopener\"><span style=\"color: #3366ff;\">Galleria Duetto<\/span><\/a><br \/>\n<a href=\"http:\/\/www.helsingintaiteilijaseura.fi\/hts\/?q=node\/72\" target=\"_blank\" rel=\"noreferrer noopener\"><span style=\"color: #3366ff;\">Taidelainaamo<\/span><\/a><br \/>\n<a href=\"http:\/\/tampereensaskiat.com\/\" target=\"_blank\" rel=\"noopener noreferrer\"><span style=\"color: #3366ff;\">Galleria Saskia<\/span><\/a><\/strong><\/p>\n<p><strong>Arabia Printmakers:<br \/>\n<a href=\"https:\/\/vappujohansson.net\/\" target=\"_blank\" rel=\"noreferrer noopener\"><span style=\"color: #3366ff;\">Vappu Johansson<\/span><\/a><br \/>\n<span style=\"color: #3366ff;\"><a style=\"color: #3366ff;\" href=\"\/\/kuvataiteilijamatrikkeli.fi\/taiteilija\/teija-immonen-haavistola\" target=\"_blank\" rel=\"noreferrer noopener\">Teija Immonen<\/a><\/span><br \/>\n<span style=\"color: #3366ff;\"><a style=\"color: #3366ff;\" href=\"https:\/\/juhaholopainen.wordpress.com\/\" target=\"_blank\" rel=\"noreferrer noopener\">Juha Holopainen<\/a><\/span><br \/>\n<span style=\"color: #3366ff;\"><a style=\"color: #3366ff;\" href=\"https:\/\/kuvataiteilijamatrikkeli.fi\/taiteilija\/metta-savolainen\" target=\"_blank\" rel=\"noreferrer noopener\">Metta Savolainen<\/a><\/span><br \/>\n<span style=\"color: #3366ff;\"><a style=\"color: #3366ff;\" href=\"http:\/\/www.tainakokkonen.net\/\" target=\"_blank\" rel=\"noreferrer noopener\">Taina Kokkonen<\/a><\/span><br \/>\n<span style=\"color: #3366ff;\"><a style=\"color: #3366ff;\" href=\"http:\/\/seelapetra.com\">Seelapetra<\/a><\/span><br \/>\n<span style=\"color: #3366ff;\"><a style=\"color: #3366ff;\" href=\"http:\/\/www.emmapeura.com\/\" target=\"_blank\" rel=\"noreferrer noopener\">Emma Peura<\/a><\/span><\/strong><\/p>\n<p><strong>Associations:<br \/>\n<a href=\"http:\/\/www.taidegraafikot.fi\/\" target=\"_blank\" rel=\"noreferrer noopener\"><span style=\"color: #3366ff;\">Taidegraafikot<\/span><\/a><br \/>\n<span style=\"color: #3366ff;\"><a style=\"color: #3366ff;\" href=\"http:\/\/www.kuvataiteilijamatrikkeli.fi\/\" target=\"_blank\" rel=\"noopener noreferrer\">Kuvataiteilijamatrikkeli<\/a><\/span><br \/>\n<span style=\"color: #3366ff;\"><a style=\"color: #3366ff;\" href=\"http:\/\/www.artists.fi\/\" target=\"_blank\" rel=\"noreferrer noopener\">Suomen Taiteilijaseura\/Artists&#8217; Association of Finland<\/a><\/span><br \/>\n<span style=\"color: #3366ff;\"><a style=\"color: #3366ff;\" href=\"http:\/\/www.ateljeesaatio.fi\/\" target=\"_blank\" rel=\"noreferrer noopener\">Ateljees\u00e4\u00e4ti\u00f6\/Finnish Artists&#8217; Studio Foundation<\/a><\/span><br \/>\n<span style=\"color: #3366ff;\"><a style=\"color: #3366ff;\" href=\"http:\/\/helsingintaiteilijaseura.fi\/hts\/?q=node\/13\" target=\"_blank\" rel=\"noreferrer noopener\">Helsingin taiteilijaseura\/Helsinki Artists Association<\/a><\/span><\/strong><\/p>\n<p><strong>Queen Sonja Print Award:<br \/>\n<span style=\"color: #3366ff;\"><a style=\"color: #3366ff;\" href=\"http:\/\/www.queensonjaprintaward.no\/\" target=\"_blank\" rel=\"noreferrer noopener\">The Queen Sonja Print Award<\/a><\/span><br \/>\n<span style=\"color: #3366ff;\"><a style=\"color: #3366ff;\" href=\"http:\/\/www.royalcourt.no\/nyhet.html?tid=121252&amp;sek=27262\" target=\"_blank\" rel=\"noreferrer noopener\">The Queen Sonja Nordic Art Award 2014<\/a><\/span><br \/>\n<span style=\"color: #3366ff;\"><a style=\"color: #3366ff;\" href=\"http:\/\/www.waldemarsudde.se\/\" target=\"_blank\" rel=\"noreferrer noopener\">Prins Eugens Waldemarsudde (Stockholm)<\/a><\/span><\/strong><\/p>\n<p>&nbsp;<\/p>\n<p>&nbsp;<\/p>\n<p>&nbsp;<\/p>\n<p>&nbsp;<\/p>\n<div class=\"pvc_clear\"><\/div>\n<p id=\"pvc_stats_105\" class=\"pvc_stats all  \" data-element-id=\"105\" style=\"\"><i class=\"pvc-stats-icon medium\" aria-hidden=\"true\"><svg aria-hidden=\"true\" focusable=\"false\" data-prefix=\"far\" data-icon=\"chart-bar\" role=\"img\" xmlns=\"http:\/\/www.w3.org\/2000\/svg\" viewBox=\"0 0 512 512\" class=\"svg-inline--fa fa-chart-bar fa-w-16 fa-2x\"><path fill=\"currentColor\" d=\"M396.8 352h22.4c6.4 0 12.8-6.4 12.8-12.8V108.8c0-6.4-6.4-12.8-12.8-12.8h-22.4c-6.4 0-12.8 6.4-12.8 12.8v230.4c0 6.4 6.4 12.8 12.8 12.8zm-192 0h22.4c6.4 0 12.8-6.4 12.8-12.8V140.8c0-6.4-6.4-12.8-12.8-12.8h-22.4c-6.4 0-12.8 6.4-12.8 12.8v198.4c0 6.4 6.4 12.8 12.8 12.8zm96 0h22.4c6.4 0 12.8-6.4 12.8-12.8V204.8c0-6.4-6.4-12.8-12.8-12.8h-22.4c-6.4 0-12.8 6.4-12.8 12.8v134.4c0 6.4 6.4 12.8 12.8 12.8zM496 400H48V80c0-8.84-7.16-16-16-16H16C7.16 64 0 71.16 0 80v336c0 17.67 14.33 32 32 32h464c8.84 0 16-7.16 16-16v-16c0-8.84-7.16-16-16-16zm-387.2-48h22.4c6.4 0 12.8-6.4 12.8-12.8v-70.4c0-6.4-6.4-12.8-12.8-12.8h-22.4c-6.4 0-12.8 6.4-12.8 12.8v70.4c0 6.4 6.4 12.8 12.8 12.8z\" class=\"\"><\/path><\/svg><\/i> <img decoding=\"async\" width=\"16\" height=\"16\" alt=\"Loading\" src=\"https:\/\/vappujohansson.net\/wordpress\/wp-content\/plugins\/page-views-count\/ajax-loader-2x.gif\" border=0 \/><\/p>\n<div class=\"pvc_clear\"><\/div>\n","protected":false},"excerpt":{"rendered":"<p>Galleries: Galleria G Galleria Duetto Taidelainaamo Galleria Saskia Arabia Printmakers: Vappu Johansson Teija Immonen Juha Holopainen Metta Savolainen Taina Kokkonen Seelapetra Emma Peura Associations: Taidegraafikot&#8230;<\/p>\n<div class=\"more-link-wrapper\"><a class=\"more-link\" href=\"https:\/\/vappujohansson.net\/wordpress\/links\/\">Continue reading<span class=\"screen-reader-text\">Links<\/span><\/a><\/div>\n<div class=\"pvc_clear\"><\/div>\n<p id=\"pvc_stats_105\" class=\"pvc_stats all  \" data-element-id=\"105\" style=\"\"><i class=\"pvc-stats-icon medium\" aria-hidden=\"true\"><svg aria-hidden=\"true\" focusable=\"false\" data-prefix=\"far\" data-icon=\"chart-bar\" role=\"img\" xmlns=\"http:\/\/www.w3.org\/2000\/svg\" viewBox=\"0 0 512 512\" class=\"svg-inline--fa fa-chart-bar fa-w-16 fa-2x\"><path fill=\"currentColor\" d=\"M396.8 352h22.4c6.4 0 12.8-6.4 12.8-12.8V108.8c0-6.4-6.4-12.8-12.8-12.8h-22.4c-6.4 0-12.8 6.4-12.8 12.8v230.4c0 6.4 6.4 12.8 12.8 12.8zm-192 0h22.4c6.4 0 12.8-6.4 12.8-12.8V140.8c0-6.4-6.4-12.8-12.8-12.8h-22.4c-6.4 0-12.8 6.4-12.8 12.8v198.4c0 6.4 6.4 12.8 12.8 12.8zm96 0h22.4c6.4 0 12.8-6.4 12.8-12.8V204.8c0-6.4-6.4-12.8-12.8-12.8h-22.4c-6.4 0-12.8 6.4-12.8 12.8v134.4c0 6.4 6.4 12.8 12.8 12.8zM496 400H48V80c0-8.84-7.16-16-16-16H16C7.16 64 0 71.16 0 80v336c0 17.67 14.33 32 32 32h464c8.84 0 16-7.16 16-16v-16c0-8.84-7.16-16-16-16zm-387.2-48h22.4c6.4 0 12.8-6.4 12.8-12.8v-70.4c0-6.4-6.4-12.8-12.8-12.8h-22.4c-6.4 0-12.8 6.4-12.8 12.8v70.4c0 6.4 6.4 12.8 12.8 12.8z\" class=\"\"><\/path><\/svg><\/i> <img decoding=\"async\" width=\"16\" height=\"16\" alt=\"Loading\" src=\"https:\/\/vappujohansson.net\/wordpress\/wp-content\/plugins\/page-views-count\/ajax-loader-2x.gif\" border=0 \/><\/p>\n<div class=\"pvc_clear\"><\/div>\n","protected":false},"author":1,"featured_media":0,"parent":0,"menu_order":0,"comment_status":"closed","ping_status":"closed","template":"","meta":{"footnotes":""},"class_list":["post-105","page","type-page","status-publish","hentry","entry"],"_links":{"self":[{"href":"https:\/\/vappujohansson.net\/wordpress\/wp-json\/wp\/v2\/pages\/105","targetHints":{"allow":["GET"]}}],"collection":[{"href":"https:\/\/vappujohansson.net\/wordpress\/wp-json\/wp\/v2\/pages"}],"about":[{"href":"https:\/\/vappujohansson.net\/wordpress\/wp-json\/wp\/v2\/types\/page"}],"author":[{"embeddable":true,"href":"https:\/\/vappujohansson.net\/wordpress\/wp-json\/wp\/v2\/users\/1"}],"replies":[{"embeddable":true,"href":"https:\/\/vappujohansson.net\/wordpress\/wp-json\/wp\/v2\/comments?post=105"}],"version-history":[{"count":27,"href":"https:\/\/vappujohansson.net\/wordpress\/wp-json\/wp\/v2\/pages\/105\/revisions"}],"predecessor-version":[{"id":1698,"href":"https:\/\/vappujohansson.net\/wordpress\/wp-json\/wp\/v2\/pages\/105\/revisions\/1698"}],"wp:attachment":[{"href":"https:\/\/vappujohansson.net\/wordpress\/wp-json\/wp\/v2\/media?parent=105"}],"curies":[{"name":"wp","href":"https:\/\/api.w.org\/{rel}","templated":true}]}}